{"id":3,"date":"2020-08-14T15:51:00","date_gmt":"2020-08-14T14:51:00","guid":{"rendered":"http:\/\/cambridgeacoustic.ellis\/?page_id=3"},"modified":"2020-09-30T15:30:46","modified_gmt":"2020-09-30T14:30:46","slug":"informativa-sulla-privacy-cambridge-acoustic","status":"publish","type":"page","link":"https:\/\/camacousticlab.co.uk\/it\/privacy-policy-cambridge-acoustic\/","title":{"rendered":"Informativa sulla privacy"},"content":{"rendered":"<h3 class=\"wp-block-heading\">\u00a0<\/h3>\r\n<h3>Introduzione<\/h3>\r\n\r\n\r\n\r\n<p>Cambridge Acoustic Laboratory Limited (CALL) \u00e8 consapevole che la vostra privacy \u00e8 importante per voi e che vi preoccupate di come vengono utilizzati i vostri dati personali. Rispettiamo e apprezziamo la privacy di tutti i nostri clienti e raccoglieremo e utilizzeremo i dati personali solo nei modi qui descritti e in modo coerente con i nostri obblighi e i vostri diritti ai sensi della legge.<\/p>\r\n\r\n\r\n\r\n<h3 class=\"wp-block-heading\">Informazioni su di noi<\/h3>\r\n<p>Cambridge Acoustic Laboratory Limited<\/p>\r\n<p>Registrato in Inghilterra con il numero di societ\u00e0: 11407518<\/p>\r\n<p>Indirizzo registrato: Cambridge Acoustic Laboratory, Brewery Road, Pampisford, Cambridge, CB22 3HG<\/p>\r\n\r\n\r\n\r\n<h3 class=\"wp-block-heading\">Che cosa copre questo avviso?<\/h3>\r\n\r\n\r\n\r\n<p>La presente Informativa sulla privacy spiega come utilizziamo i vostri dati personali: come vengono raccolti, come vengono conservati e come vengono elaborati. Illustra inoltre i diritti dell'utente previsti dalla legge in relazione ai suoi dati personali.<\/p>\r\n<h3>Che cosa sono i dati personali?<\/h3>\r\n\r\n\r\n\r\n<p>I dati personali sono definiti dal Regolamento generale sulla protezione dei dati (Regolamento UE 2016\/679) (il \"GDPR\") come \"qualsiasi informazione relativa a una persona identificabile che pu\u00f2 essere identificata direttamente o indirettamente con riferimento a un identificatore\".<\/p>\r\n<p>I dati personali sono, in termini pi\u00f9 semplici, tutte le informazioni che vi riguardano e che permettono di identificarvi. I dati personali comprendono informazioni ovvie come il nome e i dati di contatto, ma anche informazioni meno ovvie come i numeri di identificazione, i dati di localizzazione elettronica e altri identificatori online.<br \/>I dati personali che utilizziamo sono illustrati nella parte 5, qui di seguito.<\/p>\r\n<h3 class=\"wp-block-heading\">Quali sono i miei diritti?<\/h3>\r\n<p>Ai sensi del GDPR, avete i seguenti diritti, che ci impegneremo sempre a rispettare:<\/p>\r\n<p>a) Il diritto di essere informati sulla raccolta e sull'utilizzo dei vostri dati personali. Questa Informativa sulla privacy dovrebbe dirvi tutto ci\u00f2 che dovete sapere, ma potete sempre contattarci per saperne di pi\u00f9 o per porre qualsiasi domanda utilizzando i dati riportati nella Parte 11.<br \/>b) il diritto di accedere ai dati personali in nostro possesso. La Parte 10 vi spiega come fare.<br \/>c) il diritto di ottenere la rettifica dei vostri dati personali se questi sono inesatti o incompleti. Per saperne di pi\u00f9, vi preghiamo di contattarci utilizzando i dettagli riportati nella Parte 11.<br \/>d) il diritto all'oblio, ossia il diritto di chiederci di cancellare o disporre in altro modo dei vostri dati personali in nostro possesso. Per saperne di pi\u00f9, contattateci utilizzando i dettagli riportati nella Parte 11.<br \/>e) il diritto di limitare (cio\u00e8 impedire) il trattamento dei vostri dati personali.<br \/>f) il diritto di opporsi all'utilizzo dei vostri dati personali per uno o pi\u00f9 scopi particolari.<br \/>g) Il diritto alla portabilit\u00e0 dei dati. Ci\u00f2 significa che, se ci avete fornito direttamente i vostri dati personali, se li stiamo utilizzando con il vostro consenso o per l'esecuzione di un contratto, e se tali dati sono trattati con mezzi automatizzati, potete chiederci una copia di tali dati personali per riutilizzarli con un altro servizio o azienda in molti casi.<\/p>\r\n<p>Per ulteriori informazioni sull'utilizzo dei vostri dati personali da parte nostra o per esercitare i vostri diritti come sopra indicato, vi preghiamo di contattarci utilizzando i dettagli forniti nella Parte 11.<\/p>\r\n<p>Ulteriori informazioni sui vostri diritti possono essere ottenute anche presso l'Information Commissioner's Office o il Citizens Advice Bureau locale.<\/p>\r\n<p>In caso di reclamo sull'utilizzo dei vostri dati personali da parte nostra, avete il diritto di presentare un reclamo all'Information Commissioner's Office.<\/p>\r\n<h3>Quali dati personali raccogliete?<\/h3>\r\n<p>Possiamo raccogliere alcuni o tutti i seguenti dati personali (che possono variare a seconda del vostro rapporto con noi):<\/p>\r\n<p>- Nome<br \/>- Genere di contatto<br \/>- Indirizzo<br \/>- Indirizzo e-mail di contatto<br \/>- Numero di telefono del contatto<br \/>- Nome dell'azienda<br \/>- Contatto Titolo del lavoro<br \/>- Professione<br \/>- Informazioni sul pagamento<\/p>\r\n<p>I vostri dati personali sono ottenuti dalla vostra azienda, dalla direzione della vostra azienda o da voi.<\/p>\r\n<h3>Come vengono utilizzati i miei dati personali?<\/h3>\r\n<p>Ai sensi del GDPR, dobbiamo sempre avere una base legittima per l'utilizzo dei dati personali. Ci\u00f2 pu\u00f2 essere dovuto al fatto che i dati sono necessari per l'esecuzione di un contratto con l'utente, al fatto che l'utente ha acconsentito all'utilizzo dei suoi dati personali o al fatto che \u00e8 nel nostro legittimo interesse commerciale utilizzarli. I vostri dati personali possono essere utilizzati per uno dei seguenti scopi:<\/p>\r\n<p>- Fornire e gestire il vostro account.<br \/>- Eseguire per voi i nostri test e i servizi correlati. I vostri dati personali sono necessari per stipulare un contratto con voi.<br \/>- Comunicare con voi durante il contratto con voi. Ci\u00f2 pu\u00f2 includere la risposta a e-mail o chiamate da parte vostra.<br \/>- Fornirvi via e-mail o per posta le informazioni che avete richiesto o che dobbiamo inviarvi per completare il contratto con voi.<\/p>\r\n<p>Con l'autorizzazione dell'utente e\/o laddove consentito dalla legge, possiamo anche utilizzare i suoi dati personali per scopi di marketing, che possono includere il contatto con l'utente tramite e-mail, telefono, SMS o posta con informazioni, notizie o offerte sui nostri servizi. Non vi saranno inviati messaggi di marketing o spam illegali. Ci impegneremo sempre a tutelare appieno i vostri diritti e a rispettare i nostri obblighi ai sensi del GDPR e del Regolamento sulla privacy e sulle comunicazioni elettroniche (Direttiva CE) del 2003, e avrete sempre la possibilit\u00e0 di rinunciare.<\/p>\r\n<h3>Per quanto tempo conserverete i miei dati personali?<\/h3>\r\n<p>Non conserveremo i vostri dati personali pi\u00f9 a lungo di quanto sia necessario in considerazione del motivo per cui sono stati raccolti. I vostri dati personali saranno quindi conservati per un periodo definito dalla legislazione relativa ai contratti, alle normative sull'IVA e laddove riteniamo che sia nel vostro interesse mantenere i contatti in seguito a una procedura di prova antincendio.<\/p>\r\n<h3>Come e dove conservate o trasferite i miei dati personali?<\/h3>\r\n<p>Conserveremo o trasferiremo i vostri dati personali solo nel Regno Unito. Ci\u00f2 significa che saranno pienamente protetti ai sensi del GDPR.<\/p>\r\n<h3>Condividete i miei dati personali?<\/h3>\r\n<p>Non condivideremo i vostri dati personali con terzi per nessun motivo, fatta salva un'importante eccezione.<\/p>\r\n<p>In alcune circostanze limitate, potremmo essere obbligati per legge a condividere alcuni dati personali, tra cui i vostri, se siamo coinvolti in procedimenti legali o in ottemperanza a obblighi di legge, a un ordine del tribunale o alle istruzioni di un'autorit\u00e0 governativa.<\/p>\r\n<p>Se i dati personali dell'utente sono richiesti da terzi, come descritto sopra, adotteremo misure per garantire che i dati personali dell'utente siano trattati in modo sicuro e conforme ai diritti dell'utente, ai nostri obblighi e agli obblighi di terzi ai sensi della legge, come descritto sopra nella Parte 8.<\/p>\r\n<p>Potremmo condividere i vostri dati personali con altre societ\u00e0 del nostro gruppo per fornire dettagli su ulteriori servizi o offerte che potrebbero essere di interesse. Ci\u00f2 include le societ\u00e0 controllate, la nostra holding e le sue controllate.<\/p>\r\n<p>Se i dati personali vengono trasferiti al di fuori del SEE, adotteremo misure adeguate per garantire che i vostri dati personali siano trattati in modo altrettanto sicuro e protetto di quanto lo sarebbero all'interno del Regno Unito e ai sensi del GDPR, come spiegato sopra nella Parte 8.<\/p>\r\n<h3>Come posso accedere ai miei dati personali?<\/h3>\r\n<p>Se desiderate sapere quali sono i vostri dati personali in nostro possesso, potete chiederci i dettagli di tali dati personali e una copia degli stessi (qualora siano in possesso di tali dati personali). Si tratta di una \"richiesta di accesso\".<\/p>\r\n<p>Tutte le richieste di accesso ai dati personali devono essere presentate per iscritto e inviate agli indirizzi di posta elettronica o postali indicati nella Parte 11. Di norma non \u00e8 previsto alcun costo per una richiesta di accesso ai dati personali. Se la richiesta \u00e8 \"manifestamente infondata o eccessiva\" (ad esempio, se le richieste sono ripetute), pu\u00f2 essere addebitato un costo per coprire le spese amministrative sostenute per rispondere.<\/p>\r\n<p>Risponderemo alla vostra richiesta di accesso ai dati entro 14 giorni e, in ogni caso, non oltre un mese dal ricevimento della stessa. Di norma, ci proponiamo di fornire una risposta completa, compresa una copia dei vostri dati personali, entro tale termine. In alcuni casi, tuttavia, soprattutto se la richiesta \u00e8 pi\u00f9 complessa, potrebbe essere necessario pi\u00f9 tempo, fino a un massimo di tre mesi dalla data di ricezione della richiesta. L'utente sar\u00e0 tenuto pienamente informato dei nostri progressi.<\/p>\r\n<h3>Come posso contattarvi?<\/h3>\r\n<p>Per contattarci in merito a qualsiasi cosa abbia a che fare con i vostri dati personali e la protezione dei dati, compresa la richiesta di accesso ai dati, vi preghiamo di utilizzare i seguenti dati:<\/p>\r\n<p>Indirizzo e-mail: testing@camacousticlab.co.uk<\/p>\r\n<p>Numero di telefono: 01223 837 007<\/p>\r\n<p>Indirizzo postale: Cambridge Acoustic Laboratory Limited, Brewery Road, Pampisford, Cambridge, CB22 3HG.<\/p>\r\n<h3>Modifiche alla presente Informativa sulla privacy<\/h3>\r\n<p>La presente Informativa sulla privacy pu\u00f2 essere modificata di tanto in tanto. Ci\u00f2 potrebbe essere necessario, ad esempio, in caso di modifiche alla legge o di cambiamenti nella nostra attivit\u00e0 che influiscono sulla protezione dei dati personali.<\/p>\r\n<p>Eventuali modifiche saranno rese note all'utente al momento della successiva stipula di un contratto con noi.<\/p>","protected":false},"excerpt":{"rendered":"<p>\u00a0 Introduction Cambridge Acoustic Laboratory Limited (CALL) understands that your privacy is important to you&#8230;<\/p>","protected":false},"author":1,"featured_media":0,"parent":0,"menu_order":0,"comment_status":"closed","ping_status":"open","template":"","meta":{"_acf_changed":false,"footnotes":""},"class_list":["post-3","page","type-page","status-publish","hentry"],"acf":[],"yoast_head":"<!-- This site is optimized with the Yoast SEO plugin v27.4 - https:\/\/yoast.com\/product\/yoast-seo-wordpress\/ -->\n<title>Privacy Policy - Cambridge Acoustic<\/title>\n<meta name=\"description\" content=\"Cambridge Acoustic&#039;s privacy information explains how we use your personal data: how it is collected, held, and processed.\" \/>\n<meta name=\"robots\" content=\"index, follow, max-snippet:-1, max-image-preview:large, max-video-preview:-1\" \/>\n<link rel=\"canonical\" href=\"https:\/\/camacousticlab.co.uk\/it\/informativa-sulla-privacy-cambridge-acoustic\/\" \/>\n<meta property=\"og:locale\" content=\"it_IT\" \/>\n<meta property=\"og:type\" content=\"article\" \/>\n<meta property=\"og:title\" content=\"Privacy Policy - Cambridge Acoustic\" \/>\n<meta property=\"og:description\" content=\"Cambridge Acoustic&#039;s privacy information explains how we use your personal data: how it is collected, held, and processed.\" \/>\n<meta property=\"og:url\" content=\"https:\/\/camacousticlab.co.uk\/it\/informativa-sulla-privacy-cambridge-acoustic\/\" \/>\n<meta property=\"og:site_name\" content=\"Cambridge Acoustic\" \/>\n<meta property=\"article:modified_time\" content=\"2020-09-30T14:30:46+00:00\" \/>\n<meta name=\"twitter:card\" content=\"summary_large_image\" \/>\n<meta name=\"twitter:label1\" content=\"Tempo di lettura stimato\" \/>\n\t<meta name=\"twitter:data1\" content=\"7 minuti\" \/>\n<script type=\"application\/ld+json\" class=\"yoast-schema-graph\">{\"@context\":\"https:\\\/\\\/schema.org\",\"@graph\":[{\"@type\":\"WebPage\",\"@id\":\"https:\\\/\\\/camacousticlab.co.uk\\\/privacy-policy-cambridge-acoustic\\\/\",\"url\":\"https:\\\/\\\/camacousticlab.co.uk\\\/privacy-policy-cambridge-acoustic\\\/\",\"name\":\"Privacy Policy - Cambridge Acoustic\",\"isPartOf\":{\"@id\":\"https:\\\/\\\/camacousticlab.co.uk\\\/#website\"},\"datePublished\":\"2020-08-14T14:51:00+00:00\",\"dateModified\":\"2020-09-30T14:30:46+00:00\",\"description\":\"Cambridge Acoustic's privacy information explains how we use your personal data: how it is collected, held, and processed.\",\"breadcrumb\":{\"@id\":\"https:\\\/\\\/camacousticlab.co.uk\\\/privacy-policy-cambridge-acoustic\\\/#breadcrumb\"},\"inLanguage\":\"it-IT\",\"potentialAction\":[{\"@type\":\"ReadAction\",\"target\":[\"https:\\\/\\\/camacousticlab.co.uk\\\/privacy-policy-cambridge-acoustic\\\/\"]}]},{\"@type\":\"BreadcrumbList\",\"@id\":\"https:\\\/\\\/camacousticlab.co.uk\\\/privacy-policy-cambridge-acoustic\\\/#breadcrumb\",\"itemListElement\":[{\"@type\":\"ListItem\",\"position\":1,\"name\":\"Home\",\"item\":\"https:\\\/\\\/camacousticlab.co.uk\\\/\"},{\"@type\":\"ListItem\",\"position\":2,\"name\":\"Privacy Policy\"}]},{\"@type\":\"WebSite\",\"@id\":\"https:\\\/\\\/camacousticlab.co.uk\\\/#website\",\"url\":\"https:\\\/\\\/camacousticlab.co.uk\\\/\",\"name\":\"Cambridge Acoustic\",\"description\":\"A Purpose Built Sound Transmission Suite\",\"potentialAction\":[{\"@type\":\"SearchAction\",\"target\":{\"@type\":\"EntryPoint\",\"urlTemplate\":\"https:\\\/\\\/camacousticlab.co.uk\\\/?s={search_term_string}\"},\"query-input\":{\"@type\":\"PropertyValueSpecification\",\"valueRequired\":true,\"valueName\":\"search_term_string\"}}],\"inLanguage\":\"it-IT\"}]}<\/script>\n<!-- \/ Yoast SEO plugin. -->","yoast_head_json":{"title":"Informativa sulla privacy - Cambridge Acoustic","description":"Le informazioni sulla privacy di Cambridge Acoustic spiegano come utilizziamo i vostri dati personali: come vengono raccolti, conservati ed elaborati.","robots":{"index":"index","follow":"follow","max-snippet":"max-snippet:-1","max-image-preview":"max-image-preview:large","max-video-preview":"max-video-preview:-1"},"canonical":"https:\/\/camacousticlab.co.uk\/it\/informativa-sulla-privacy-cambridge-acoustic\/","og_locale":"it_IT","og_type":"article","og_title":"Privacy Policy - Cambridge Acoustic","og_description":"Cambridge Acoustic's privacy information explains how we use your personal data: how it is collected, held, and processed.","og_url":"https:\/\/camacousticlab.co.uk\/it\/informativa-sulla-privacy-cambridge-acoustic\/","og_site_name":"Cambridge Acoustic","article_modified_time":"2020-09-30T14:30:46+00:00","twitter_card":"summary_large_image","twitter_misc":{"Tempo di lettura stimato":"7 minuti"},"schema":{"@context":"https:\/\/schema.org","@graph":[{"@type":"WebPage","@id":"https:\/\/camacousticlab.co.uk\/privacy-policy-cambridge-acoustic\/","url":"https:\/\/camacousticlab.co.uk\/privacy-policy-cambridge-acoustic\/","name":"Informativa sulla privacy - Cambridge Acoustic","isPartOf":{"@id":"https:\/\/camacousticlab.co.uk\/#website"},"datePublished":"2020-08-14T14:51:00+00:00","dateModified":"2020-09-30T14:30:46+00:00","description":"Le informazioni sulla privacy di Cambridge Acoustic spiegano come utilizziamo i vostri dati personali: come vengono raccolti, conservati ed elaborati.","breadcrumb":{"@id":"https:\/\/camacousticlab.co.uk\/privacy-policy-cambridge-acoustic\/#breadcrumb"},"inLanguage":"it-IT","potentialAction":[{"@type":"ReadAction","target":["https:\/\/camacousticlab.co.uk\/privacy-policy-cambridge-acoustic\/"]}]},{"@type":"BreadcrumbList","@id":"https:\/\/camacousticlab.co.uk\/privacy-policy-cambridge-acoustic\/#breadcrumb","itemListElement":[{"@type":"ListItem","position":1,"name":"Home","item":"https:\/\/camacousticlab.co.uk\/"},{"@type":"ListItem","position":2,"name":"Privacy Policy"}]},{"@type":"WebSite","@id":"https:\/\/camacousticlab.co.uk\/#website","url":"https:\/\/camacousticlab.co.uk\/","name":"Cambridge Acustica","description":"Una suite per la trasmissione del suono costruita ad hoc","potentialAction":[{"@type":"SearchAction","target":{"@type":"EntryPoint","urlTemplate":"https:\/\/camacousticlab.co.uk\/?s={search_term_string}"},"query-input":{"@type":"PropertyValueSpecification","valueRequired":true,"valueName":"search_term_string"}}],"inLanguage":"it-IT"}]}},"_links":{"self":[{"href":"https:\/\/camacousticlab.co.uk\/it\/wp-json\/wp\/v2\/pages\/3","targetHints":{"allow":["GET"]}}],"collection":[{"href":"https:\/\/camacousticlab.co.uk\/it\/wp-json\/wp\/v2\/pages"}],"about":[{"href":"https:\/\/camacousticlab.co.uk\/it\/wp-json\/wp\/v2\/types\/page"}],"author":[{"embeddable":true,"href":"https:\/\/camacousticlab.co.uk\/it\/wp-json\/wp\/v2\/users\/1"}],"replies":[{"embeddable":true,"href":"https:\/\/camacousticlab.co.uk\/it\/wp-json\/wp\/v2\/comments?post=3"}],"version-history":[{"count":5,"href":"https:\/\/camacousticlab.co.uk\/it\/wp-json\/wp\/v2\/pages\/3\/revisions"}],"predecessor-version":[{"id":386,"href":"https:\/\/camacousticlab.co.uk\/it\/wp-json\/wp\/v2\/pages\/3\/revisions\/386"}],"wp:attachment":[{"href":"https:\/\/camacousticlab.co.uk\/it\/wp-json\/wp\/v2\/media?parent=3"}],"curies":[{"name":"wp","href":"https:\/\/api.w.org\/{rel}","templated":true}]}}