{"id":8,"date":"2020-08-17T12:23:08","date_gmt":"2020-08-17T11:23:08","guid":{"rendered":"http:\/\/cambridgeacoustic.ellis\/?page_id=8"},"modified":"2025-08-01T11:42:39","modified_gmt":"2025-08-01T10:42:39","slug":"about-cambridge-acoustic","status":"publish","type":"page","link":"https:\/\/camacousticlab.co.uk\/fr\/about-cambridge-acoustic\/","title":{"rendered":"A propos de"},"content":{"rendered":"","protected":false},"excerpt":{"rendered":"","protected":false},"author":1,"featured_media":0,"parent":0,"menu_order":0,"comment_status":"closed","ping_status":"closed","template":"","meta":{"_acf_changed":false,"footnotes":""},"class_list":["post-8","page","type-page","status-publish","hentry"],"acf":[],"yoast_head":"<!-- This site is optimized with the Yoast SEO plugin v27.4 - https:\/\/yoast.com\/product\/yoast-seo-wordpress\/ -->\n<title>About - Cambridge Acoustic - Sound Insulation Testing - Noise Surveys<\/title>\n<meta name=\"description\" content=\"Cambridge Acoustic Laboratory, a purpose built sound transmission suite o\ufb00ering laboratory sound insulation testing and noise surveys.\" \/>\n<meta name=\"robots\" content=\"index, follow, max-snippet:-1, max-image-preview:large, max-video-preview:-1\" \/>\n<link rel=\"canonical\" href=\"https:\/\/camacousticlab.co.uk\/fr\/about-cambridge-acoustic\/\" \/>\n<meta property=\"og:locale\" content=\"fr_FR\" \/>\n<meta property=\"og:type\" content=\"article\" \/>\n<meta property=\"og:title\" content=\"About - Cambridge Acoustic - Sound Insulation Testing - Noise Surveys\" \/>\n<meta property=\"og:description\" content=\"Cambridge Acoustic Laboratory, a purpose built sound transmission suite o\ufb00ering laboratory sound insulation testing and noise surveys.\" \/>\n<meta property=\"og:url\" content=\"https:\/\/camacousticlab.co.uk\/fr\/about-cambridge-acoustic\/\" \/>\n<meta property=\"og:site_name\" content=\"Cambridge Acoustic\" \/>\n<meta property=\"article:modified_time\" content=\"2025-08-01T10:42:39+00:00\" \/>\n<meta name=\"twitter:card\" content=\"summary_large_image\" \/>\n<script type=\"application\/ld+json\" class=\"yoast-schema-graph\">{\"@context\":\"https:\\\/\\\/schema.org\",\"@graph\":[{\"@type\":\"WebPage\",\"@id\":\"https:\\\/\\\/camacousticlab.co.uk\\\/about-cambridge-acoustic\\\/\",\"url\":\"https:\\\/\\\/camacousticlab.co.uk\\\/about-cambridge-acoustic\\\/\",\"name\":\"About - Cambridge Acoustic - Sound Insulation Testing - Noise Surveys\",\"isPartOf\":{\"@id\":\"https:\\\/\\\/camacousticlab.co.uk\\\/#website\"},\"datePublished\":\"2020-08-17T11:23:08+00:00\",\"dateModified\":\"2025-08-01T10:42:39+00:00\",\"description\":\"Cambridge Acoustic Laboratory, a purpose built sound transmission suite o\ufb00ering laboratory sound insulation testing and noise surveys.\",\"breadcrumb\":{\"@id\":\"https:\\\/\\\/camacousticlab.co.uk\\\/about-cambridge-acoustic\\\/#breadcrumb\"},\"inLanguage\":\"fr-FR\",\"potentialAction\":[{\"@type\":\"ReadAction\",\"target\":[\"https:\\\/\\\/camacousticlab.co.uk\\\/about-cambridge-acoustic\\\/\"]}]},{\"@type\":\"BreadcrumbList\",\"@id\":\"https:\\\/\\\/camacousticlab.co.uk\\\/about-cambridge-acoustic\\\/#breadcrumb\",\"itemListElement\":[{\"@type\":\"ListItem\",\"position\":1,\"name\":\"Home\",\"item\":\"https:\\\/\\\/camacousticlab.co.uk\\\/\"},{\"@type\":\"ListItem\",\"position\":2,\"name\":\"About\"}]},{\"@type\":\"WebSite\",\"@id\":\"https:\\\/\\\/camacousticlab.co.uk\\\/#website\",\"url\":\"https:\\\/\\\/camacousticlab.co.uk\\\/\",\"name\":\"Cambridge Acoustic\",\"description\":\"A Purpose Built Sound Transmission Suite\",\"potentialAction\":[{\"@type\":\"SearchAction\",\"target\":{\"@type\":\"EntryPoint\",\"urlTemplate\":\"https:\\\/\\\/camacousticlab.co.uk\\\/?s={search_term_string}\"},\"query-input\":{\"@type\":\"PropertyValueSpecification\",\"valueRequired\":true,\"valueName\":\"search_term_string\"}}],\"inLanguage\":\"fr-FR\"}]}<\/script>\n<!-- \/ Yoast SEO plugin. -->","yoast_head_json":{"title":"About - Cambridge Acoustic - Sound Insulation Testing - Noise Surveys","description":"Cambridge Acoustic Laboratory, a purpose built sound transmission suite o\ufb00ering laboratory sound insulation testing and noise surveys.","robots":{"index":"index","follow":"follow","max-snippet":"max-snippet:-1","max-image-preview":"max-image-preview:large","max-video-preview":"max-video-preview:-1"},"canonical":"https:\/\/camacousticlab.co.uk\/fr\/about-cambridge-acoustic\/","og_locale":"fr_FR","og_type":"article","og_title":"About - Cambridge Acoustic - Sound Insulation Testing - Noise Surveys","og_description":"Cambridge Acoustic Laboratory, a purpose built sound transmission suite o\ufb00ering laboratory sound insulation testing and noise surveys.","og_url":"https:\/\/camacousticlab.co.uk\/fr\/about-cambridge-acoustic\/","og_site_name":"Cambridge Acoustic","article_modified_time":"2025-08-01T10:42:39+00:00","twitter_card":"summary_large_image","schema":{"@context":"https:\/\/schema.org","@graph":[{"@type":"WebPage","@id":"https:\/\/camacousticlab.co.uk\/about-cambridge-acoustic\/","url":"https:\/\/camacousticlab.co.uk\/about-cambridge-acoustic\/","name":"About - Cambridge Acoustic - Sound Insulation Testing - Noise Surveys","isPartOf":{"@id":"https:\/\/camacousticlab.co.uk\/#website"},"datePublished":"2020-08-17T11:23:08+00:00","dateModified":"2025-08-01T10:42:39+00:00","description":"Cambridge Acoustic Laboratory, a purpose built sound transmission suite o\ufb00ering laboratory sound insulation testing and noise surveys.","breadcrumb":{"@id":"https:\/\/camacousticlab.co.uk\/about-cambridge-acoustic\/#breadcrumb"},"inLanguage":"fr-FR","potentialAction":[{"@type":"ReadAction","target":["https:\/\/camacousticlab.co.uk\/about-cambridge-acoustic\/"]}]},{"@type":"BreadcrumbList","@id":"https:\/\/camacousticlab.co.uk\/about-cambridge-acoustic\/#breadcrumb","itemListElement":[{"@type":"ListItem","position":1,"name":"Home","item":"https:\/\/camacousticlab.co.uk\/"},{"@type":"ListItem","position":2,"name":"About"}]},{"@type":"WebSite","@id":"https:\/\/camacousticlab.co.uk\/#website","url":"https:\/\/camacousticlab.co.uk\/","name":"Cambridge Acoustic","description":"Une salle de transmission du son sp\u00e9cialement con\u00e7ue \u00e0 cet effet","potentialAction":[{"@type":"SearchAction","target":{"@type":"EntryPoint","urlTemplate":"https:\/\/camacousticlab.co.uk\/?s={search_term_string}"},"query-input":{"@type":"PropertyValueSpecification","valueRequired":true,"valueName":"search_term_string"}}],"inLanguage":"fr-FR"}]}},"_links":{"self":[{"href":"https:\/\/camacousticlab.co.uk\/fr\/wp-json\/wp\/v2\/pages\/8","targetHints":{"allow":["GET"]}}],"collection":[{"href":"https:\/\/camacousticlab.co.uk\/fr\/wp-json\/wp\/v2\/pages"}],"about":[{"href":"https:\/\/camacousticlab.co.uk\/fr\/wp-json\/wp\/v2\/types\/page"}],"author":[{"embeddable":true,"href":"https:\/\/camacousticlab.co.uk\/fr\/wp-json\/wp\/v2\/users\/1"}],"replies":[{"embeddable":true,"href":"https:\/\/camacousticlab.co.uk\/fr\/wp-json\/wp\/v2\/comments?post=8"}],"version-history":[{"count":20,"href":"https:\/\/camacousticlab.co.uk\/fr\/wp-json\/wp\/v2\/pages\/8\/revisions"}],"predecessor-version":[{"id":877,"href":"https:\/\/camacousticlab.co.uk\/fr\/wp-json\/wp\/v2\/pages\/8\/revisions\/877"}],"wp:attachment":[{"href":"https:\/\/camacousticlab.co.uk\/fr\/wp-json\/wp\/v2\/media?parent=8"}],"curies":[{"name":"wp","href":"https:\/\/api.w.org\/{rel}","templated":true}]}}