{"id":3,"date":"2020-08-14T15:51:00","date_gmt":"2020-08-14T14:51:00","guid":{"rendered":"http:\/\/cambridgeacoustic.ellis\/?page_id=3"},"modified":"2020-09-30T15:30:46","modified_gmt":"2020-09-30T14:30:46","slug":"politique-de-confidentialite-cambridge-acoustic","status":"publish","type":"page","link":"https:\/\/camacousticlab.co.uk\/fr\/privacy-policy-cambridge-acoustic\/","title":{"rendered":"Politique de confidentialit\u00e9"},"content":{"rendered":"<h3 class=\"wp-block-heading\">\u00a0<\/h3>\r\n<h3>Introduction<\/h3>\r\n\r\n\r\n\r\n<p>Cambridge Acoustic Laboratory Limited (CALL) comprend que votre vie priv\u00e9e est importante pour vous et que vous vous souciez de la mani\u00e8re dont vos donn\u00e9es personnelles sont utilis\u00e9es. Nous respectons et valorisons la vie priv\u00e9e de tous nos clients et nous ne collecterons et n'utiliserons les donn\u00e9es personnelles que de la mani\u00e8re d\u00e9crite ici, et d'une mani\u00e8re conforme \u00e0 nos obligations et \u00e0 vos droits en vertu de la loi.<\/p>\r\n\r\n\r\n\r\n<h3 class=\"wp-block-heading\">Informations sur nous<\/h3>\r\n<p>Cambridge Acoustic Laboratory Limited<\/p>\r\n<p>Enregistr\u00e9 en Angleterre sous le num\u00e9ro de soci\u00e9t\u00e9 : 11407518<\/p>\r\n<p>Adresse du si\u00e8ge social : Cambridge Acoustic Laboratory, Brewery Road, Pampisford, Cambridge, CB22 3HG<\/p>\r\n\r\n\r\n\r\n<h3 class=\"wp-block-heading\">Que couvre cet avis ?<\/h3>\r\n\r\n\r\n\r\n<p>Les pr\u00e9sentes informations sur la protection de la vie priv\u00e9e expliquent comment nous utilisons vos donn\u00e9es \u00e0 caract\u00e8re personnel : comment elles sont collect\u00e9es, comment elles sont conserv\u00e9es et comment elles sont trait\u00e9es. Elles expliquent \u00e9galement les droits que vous conf\u00e8re la loi en ce qui concerne vos donn\u00e9es \u00e0 caract\u00e8re personnel.<\/p>\r\n<h3>Qu'est-ce que les donn\u00e9es \u00e0 caract\u00e8re personnel ?<\/h3>\r\n\r\n\r\n\r\n<p>Les donn\u00e9es personnelles sont d\u00e9finies par le r\u00e8glement g\u00e9n\u00e9ral sur la protection des donn\u00e9es (r\u00e8glement UE 2016\/679) (le \" RGPD \") comme \" toute information se rapportant \u00e0 une personne identifiable qui peut \u00eatre identifi\u00e9e directement ou indirectement par r\u00e9f\u00e9rence \u00e0 un identifiant \".<\/p>\r\n<p>Les donn\u00e9es \u00e0 caract\u00e8re personnel sont, en termes simples, toutes les informations vous concernant qui permettent de vous identifier. Les donn\u00e9es \u00e0 caract\u00e8re personnel comprennent des informations \u00e9videntes telles que votre nom et vos coordonn\u00e9es, mais aussi des informations moins \u00e9videntes telles que les num\u00e9ros d'identification, les donn\u00e9es de localisation \u00e9lectronique et d'autres identifiants en ligne.<br \/>Les donn\u00e9es \u00e0 caract\u00e8re personnel que nous utilisons sont d\u00e9crites dans la partie 5 ci-dessous.<\/p>\r\n<h3 class=\"wp-block-heading\">Quels sont mes droits ?<\/h3>\r\n<p>En vertu du GDPR, vous disposez des droits suivants, que nous nous efforcerons toujours de respecter :<\/p>\r\n<p>a) Le droit d'\u00eatre inform\u00e9 de la collecte et de l'utilisation de vos donn\u00e9es personnelles. Le pr\u00e9sent avis de confidentialit\u00e9 devrait vous indiquer tout ce que vous devez savoir, mais vous pouvez toujours nous contacter pour en savoir plus ou pour poser des questions en utilisant les coordonn\u00e9es figurant dans la partie 11.<br \/>b) le droit d'acc\u00e9der aux donn\u00e9es \u00e0 caract\u00e8re personnel que nous d\u00e9tenons \u00e0 votre sujet. La partie 10 vous expliquera comment proc\u00e9der.<br \/>c) le droit de faire rectifier les donn\u00e9es \u00e0 caract\u00e8re personnel vous concernant que nous d\u00e9tenons et qui sont inexactes ou incompl\u00e8tes. Pour en savoir plus, veuillez nous contacter aux coordonn\u00e9es indiqu\u00e9es dans la partie 11.<br \/>d) Le droit \u00e0 l'oubli, c'est-\u00e0-dire le droit de nous demander de supprimer ou de disposer d'une autre mani\u00e8re de vos donn\u00e9es personnelles que nous d\u00e9tenons. Pour en savoir plus, veuillez nous contacter aux coordonn\u00e9es indiqu\u00e9es dans la partie 11.<br \/>e) le droit de restreindre (c'est-\u00e0-dire d'emp\u00eacher) le traitement de vos donn\u00e9es \u00e0 caract\u00e8re personnel.<br \/>f) le droit de s'opposer \u00e0 ce que nous utilisions vos donn\u00e9es \u00e0 caract\u00e8re personnel \u00e0 une ou plusieurs fins particuli\u00e8res.<br \/>g) Le droit \u00e0 la portabilit\u00e9 des donn\u00e9es. Cela signifie que, si vous nous avez fourni directement des donn\u00e9es \u00e0 caract\u00e8re personnel, que nous les utilisons avec votre consentement ou pour l'ex\u00e9cution d'un contrat, et que ces donn\u00e9es sont trait\u00e9es par des moyens automatis\u00e9s, vous pouvez nous demander une copie de ces donn\u00e9es \u00e0 caract\u00e8re personnel afin de les r\u00e9utiliser avec un autre service ou une autre entreprise dans de nombreux cas.<\/p>\r\n<p>Pour plus d'informations sur l'utilisation que nous faisons de vos donn\u00e9es personnelles ou pour exercer vos droits tels que d\u00e9crits ci-dessus, veuillez nous contacter en utilisant les coordonn\u00e9es fournies dans la partie 11.<\/p>\r\n<p>De plus amples informations sur vos droits peuvent \u00e9galement \u00eatre obtenues aupr\u00e8s de l'Information Commissioner's Office ou de votre Citizens Advice Bureau local.<\/p>\r\n<p>Si vous avez des raisons de vous plaindre de l'utilisation que nous faisons de vos donn\u00e9es personnelles, vous avez le droit de d\u00e9poser une plainte aupr\u00e8s de l'Information Commissioner's Office (bureau du commissaire \u00e0 l'information).<\/p>\r\n<h3>Quelles donn\u00e9es personnelles recueillez-vous ?<\/h3>\r\n<p>Nous pouvons collecter tout ou partie des donn\u00e9es personnelles suivantes (cela peut varier en fonction de votre relation avec nous) :<\/p>\r\n<p>- Nom<br \/>- Contact Genre<br \/>- Adresse<br \/>- Contact Adresse \u00e9lectronique<br \/>- Contact Num\u00e9ro de t\u00e9l\u00e9phone<br \/>- Nom de l'entreprise<br \/>- Contact Intitul\u00e9 du poste<br \/>- Profession<br \/>- Informations sur le paiement<\/p>\r\n<p>Vos donn\u00e9es personnelles sont obtenues aupr\u00e8s de votre entreprise, de la direction de votre entreprise ou de vous-m\u00eame.<\/p>\r\n<h3>Comment utilisez-vous mes donn\u00e9es personnelles ?<\/h3>\r\n<p>En vertu du GDPR, nous devons toujours disposer d'une base l\u00e9gale pour utiliser les donn\u00e9es personnelles. Cela peut \u00eatre parce que les donn\u00e9es sont n\u00e9cessaires \u00e0 l'ex\u00e9cution d'un contrat avec vous, parce que vous avez consenti \u00e0 ce que nous utilisions vos donn\u00e9es personnelles, ou parce qu'il est dans notre int\u00e9r\u00eat commercial l\u00e9gitime de les utiliser. Vos donn\u00e9es personnelles peuvent \u00eatre utilis\u00e9es pour l'une des raisons suivantes :<\/p>\r\n<p>- Fournir et g\u00e9rer votre compte.<br \/>- Effectuer nos tests et services connexes pour vous. Vos donn\u00e9es personnelles sont n\u00e9cessaires pour que nous puissions conclure un contrat avec vous.<br \/>- Communiquer avec vous pendant la dur\u00e9e du contrat. Il peut s'agir de r\u00e9pondre \u00e0 des courriels ou \u00e0 des appels de votre part.<br \/>- vous fournir, par courrier \u00e9lectronique ou postal, les informations que vous avez demand\u00e9es ou que nous devons vous envoyer afin de mener \u00e0 bien le contrat conclu avec vous.<\/p>\r\n<p>Avec votre permission et\/ou lorsque la loi le permet, nous pouvons \u00e9galement utiliser vos donn\u00e9es personnelles \u00e0 des fins de marketing, ce qui peut inclure le fait de vous contacter par courrier \u00e9lectronique, t\u00e9l\u00e9phone, SMS ou courrier postal avec des informations, des nouvelles ou des offres sur nos services. Vous ne recevrez pas de marketing ill\u00e9gal ou de spam. Nous nous efforcerons toujours de prot\u00e9ger pleinement vos droits et de nous conformer \u00e0 nos obligations en vertu du GDPR et du R\u00e8glement de 2003 sur la vie priv\u00e9e et les communications \u00e9lectroniques (Directive CE), et vous aurez toujours la possibilit\u00e9 de vous d\u00e9sinscrire.<\/p>\r\n<h3>Combien de temps conserverez-vous mes donn\u00e9es personnelles ?<\/h3>\r\n<p>Nous ne conserverons pas vos donn\u00e9es personnelles plus longtemps qu'il n'est n\u00e9cessaire compte tenu de la ou des raisons pour lesquelles elles ont \u00e9t\u00e9 collect\u00e9es. Vos donn\u00e9es personnelles seront donc conserv\u00e9es pendant une p\u00e9riode d\u00e9finie par la l\u00e9gislation relative aux contrats, \u00e0 la r\u00e9glementation en mati\u00e8re de TVA et lorsque nous estimons qu'il est dans votre int\u00e9r\u00eat de maintenir le contact \u00e0 la suite d'une proc\u00e9dure d'essai au feu.<\/p>\r\n<h3>Comment et o\u00f9 stockez-vous ou transf\u00e9rez-vous mes donn\u00e9es personnelles ?<\/h3>\r\n<p>Nous ne stockons ou ne transf\u00e9rons vos donn\u00e9es personnelles qu'au Royaume-Uni. Cela signifie qu'elles seront enti\u00e8rement prot\u00e9g\u00e9es en vertu du GDPR.<\/p>\r\n<h3>Partagez-vous mes donn\u00e9es personnelles ?<\/h3>\r\n<p>Nous ne partagerons aucune de vos donn\u00e9es personnelles avec des tiers, \u00e0 quelque fin que ce soit, sous r\u00e9serve d'une exception importante.<\/p>\r\n<p>Dans certaines circonstances limit\u00e9es, nous pouvons \u00eatre l\u00e9galement tenus de partager certaines donn\u00e9es \u00e0 caract\u00e8re personnel, dont les v\u00f4tres, si nous sommes impliqu\u00e9s dans une proc\u00e9dure judiciaire ou si nous nous conformons \u00e0 des obligations l\u00e9gales, \u00e0 une d\u00e9cision de justice ou aux instructions d'une autorit\u00e9 gouvernementale.<\/p>\r\n<p>Si un tiers a besoin de vos donn\u00e9es \u00e0 caract\u00e8re personnel, comme d\u00e9crit ci-dessus, nous prendrons des mesures pour garantir que vos donn\u00e9es \u00e0 caract\u00e8re personnel sont trait\u00e9es en toute s\u00e9curit\u00e9 et conform\u00e9ment \u00e0 vos droits, \u00e0 nos obligations et aux obligations du tiers en vertu de la loi, comme d\u00e9crit ci-dessus dans la partie 8.<\/p>\r\n<p>Nous pouvons partager vos donn\u00e9es personnelles avec d'autres soci\u00e9t\u00e9s de notre groupe pour leur communiquer des informations sur des services ou des offres suppl\u00e9mentaires susceptibles de vous int\u00e9resser. Cela inclut les filiales et notre soci\u00e9t\u00e9 holding et ses filiales.<\/p>\r\n<p>Si des donn\u00e9es \u00e0 caract\u00e8re personnel sont transf\u00e9r\u00e9es en dehors de l'EEE, nous prendrons des mesures appropri\u00e9es pour garantir que vos donn\u00e9es \u00e0 caract\u00e8re personnel sont trait\u00e9es de mani\u00e8re aussi s\u00fbre et s\u00e9curis\u00e9e qu'elles le seraient au Royaume-Uni et en vertu du GDPR, comme expliqu\u00e9 ci-dessus dans la partie 8.<\/p>\r\n<h3>Comment puis-je acc\u00e9der \u00e0 mes donn\u00e9es personnelles ?<\/h3>\r\n<p>Si vous souhaitez savoir quelles sont les donn\u00e9es \u00e0 caract\u00e8re personnel que nous d\u00e9tenons \u00e0 votre sujet, vous pouvez nous demander des d\u00e9tails sur ces donn\u00e9es \u00e0 caract\u00e8re personnel et une copie de celles-ci (si de telles donn\u00e9es \u00e0 caract\u00e8re personnel sont d\u00e9tenues). C'est ce qu'on appelle une \"demande d'acc\u00e8s\".<\/p>\r\n<p>Toutes les demandes d'acc\u00e8s doivent \u00eatre formul\u00e9es par \u00e9crit et envoy\u00e9es \u00e0 l'adresse \u00e9lectronique ou \u00e0 l'adresse postale indiqu\u00e9es dans la partie 11. En r\u00e8gle g\u00e9n\u00e9rale, les demandes d'acc\u00e8s ne sont pas payantes. Si votre demande est \"manifestement infond\u00e9e ou excessive\" (par exemple, si vous faites des demandes r\u00e9p\u00e9titives), des frais peuvent \u00eatre factur\u00e9s pour couvrir nos co\u00fbts administratifs de r\u00e9ponse.<\/p>\r\n<p>Nous r\u00e9pondrons \u00e0 votre demande d'acc\u00e8s dans un d\u00e9lai de 14 jours et, en tout \u00e9tat de cause, dans un d\u00e9lai maximum d'un mois \u00e0 compter de sa r\u00e9ception. Normalement, nous nous effor\u00e7ons de fournir une r\u00e9ponse compl\u00e8te, y compris une copie de vos donn\u00e9es \u00e0 caract\u00e8re personnel, dans ce d\u00e9lai. Toutefois, dans certains cas, notamment si votre demande est plus complexe, un d\u00e9lai plus long peut \u00eatre n\u00e9cessaire, jusqu'\u00e0 un maximum de trois mois \u00e0 compter de la date de r\u00e9ception de votre demande. Vous serez tenu pleinement inform\u00e9 de l'\u00e9volution de la situation.<\/p>\r\n<h3>Comment puis-je vous contacter ?<\/h3>\r\n<p>Pour nous contacter au sujet de vos donn\u00e9es personnelles et de la protection des donn\u00e9es, y compris pour faire une demande d'acc\u00e8s, veuillez utiliser les coordonn\u00e9es suivantes :<\/p>\r\n<p>Adresse \u00e9lectronique : testing@camacousticlab.co.uk<\/p>\r\n<p>Num\u00e9ro de t\u00e9l\u00e9phone : 01223 837 007<\/p>\r\n<p>Adresse postale : Cambridge Acoustic Laboratory Limited, Brewery Road, Pampisford, Cambridge, CB22 3HG.<\/p>\r\n<h3>Modifications du pr\u00e9sent avis de confidentialit\u00e9<\/h3>\r\n<p>Nous pouvons modifier cet avis de confidentialit\u00e9 de temps \u00e0 autre. Cela peut s'av\u00e9rer n\u00e9cessaire, par exemple, si la loi change ou si nous modifions nos activit\u00e9s d'une mani\u00e8re qui affecte la protection des donn\u00e9es \u00e0 caract\u00e8re personnel.<\/p>\r\n<p>Toute modification sera mise \u00e0 votre disposition lors de la prochaine conclusion d'un contrat avec nous.<\/p>","protected":false},"excerpt":{"rendered":"<p>\u00a0 Introduction Cambridge Acoustic Laboratory Limited (CALL) understands that your privacy is important to you&#8230;<\/p>","protected":false},"author":1,"featured_media":0,"parent":0,"menu_order":0,"comment_status":"closed","ping_status":"open","template":"","meta":{"_acf_changed":false,"footnotes":""},"class_list":["post-3","page","type-page","status-publish","hentry"],"acf":[],"yoast_head":"<!-- This site is optimized with the Yoast SEO plugin v27.4 - https:\/\/yoast.com\/product\/yoast-seo-wordpress\/ -->\n<title>Privacy Policy - Cambridge Acoustic<\/title>\n<meta name=\"description\" content=\"Cambridge Acoustic&#039;s privacy information explains how we use your personal data: how it is collected, held, and processed.\" \/>\n<meta name=\"robots\" content=\"index, follow, max-snippet:-1, max-image-preview:large, max-video-preview:-1\" \/>\n<link rel=\"canonical\" href=\"https:\/\/camacousticlab.co.uk\/fr\/politique-de-confidentialite-cambridge-acoustic\/\" \/>\n<meta property=\"og:locale\" content=\"fr_FR\" \/>\n<meta property=\"og:type\" content=\"article\" \/>\n<meta property=\"og:title\" content=\"Privacy Policy - Cambridge Acoustic\" \/>\n<meta property=\"og:description\" content=\"Cambridge Acoustic&#039;s privacy information explains how we use your personal data: how it is collected, held, and processed.\" \/>\n<meta property=\"og:url\" content=\"https:\/\/camacousticlab.co.uk\/fr\/politique-de-confidentialite-cambridge-acoustic\/\" \/>\n<meta property=\"og:site_name\" content=\"Cambridge Acoustic\" \/>\n<meta property=\"article:modified_time\" content=\"2020-09-30T14:30:46+00:00\" \/>\n<meta name=\"twitter:card\" content=\"summary_large_image\" \/>\n<meta name=\"twitter:label1\" content=\"Dur\u00e9e de lecture estim\u00e9e\" \/>\n\t<meta name=\"twitter:data1\" content=\"7 minutes\" \/>\n<script type=\"application\/ld+json\" class=\"yoast-schema-graph\">{\"@context\":\"https:\\\/\\\/schema.org\",\"@graph\":[{\"@type\":\"WebPage\",\"@id\":\"https:\\\/\\\/camacousticlab.co.uk\\\/privacy-policy-cambridge-acoustic\\\/\",\"url\":\"https:\\\/\\\/camacousticlab.co.uk\\\/privacy-policy-cambridge-acoustic\\\/\",\"name\":\"Privacy Policy - Cambridge Acoustic\",\"isPartOf\":{\"@id\":\"https:\\\/\\\/camacousticlab.co.uk\\\/#website\"},\"datePublished\":\"2020-08-14T14:51:00+00:00\",\"dateModified\":\"2020-09-30T14:30:46+00:00\",\"description\":\"Cambridge Acoustic's privacy information explains how we use your personal data: how it is collected, held, and processed.\",\"breadcrumb\":{\"@id\":\"https:\\\/\\\/camacousticlab.co.uk\\\/privacy-policy-cambridge-acoustic\\\/#breadcrumb\"},\"inLanguage\":\"fr-FR\",\"potentialAction\":[{\"@type\":\"ReadAction\",\"target\":[\"https:\\\/\\\/camacousticlab.co.uk\\\/privacy-policy-cambridge-acoustic\\\/\"]}]},{\"@type\":\"BreadcrumbList\",\"@id\":\"https:\\\/\\\/camacousticlab.co.uk\\\/privacy-policy-cambridge-acoustic\\\/#breadcrumb\",\"itemListElement\":[{\"@type\":\"ListItem\",\"position\":1,\"name\":\"Home\",\"item\":\"https:\\\/\\\/camacousticlab.co.uk\\\/\"},{\"@type\":\"ListItem\",\"position\":2,\"name\":\"Privacy Policy\"}]},{\"@type\":\"WebSite\",\"@id\":\"https:\\\/\\\/camacousticlab.co.uk\\\/#website\",\"url\":\"https:\\\/\\\/camacousticlab.co.uk\\\/\",\"name\":\"Cambridge Acoustic\",\"description\":\"A Purpose Built Sound Transmission Suite\",\"potentialAction\":[{\"@type\":\"SearchAction\",\"target\":{\"@type\":\"EntryPoint\",\"urlTemplate\":\"https:\\\/\\\/camacousticlab.co.uk\\\/?s={search_term_string}\"},\"query-input\":{\"@type\":\"PropertyValueSpecification\",\"valueRequired\":true,\"valueName\":\"search_term_string\"}}],\"inLanguage\":\"fr-FR\"}]}<\/script>\n<!-- \/ Yoast SEO plugin. -->","yoast_head_json":{"title":"Politique de confidentialit\u00e9 - Cambridge Acoustic","description":"Les informations sur la protection de la vie priv\u00e9e de Cambridge Acoustic expliquent comment nous utilisons vos donn\u00e9es personnelles : comment elles sont collect\u00e9es, conserv\u00e9es et trait\u00e9es.","robots":{"index":"index","follow":"follow","max-snippet":"max-snippet:-1","max-image-preview":"max-image-preview:large","max-video-preview":"max-video-preview:-1"},"canonical":"https:\/\/camacousticlab.co.uk\/fr\/politique-de-confidentialite-cambridge-acoustic\/","og_locale":"fr_FR","og_type":"article","og_title":"Privacy Policy - Cambridge Acoustic","og_description":"Cambridge Acoustic's privacy information explains how we use your personal data: how it is collected, held, and processed.","og_url":"https:\/\/camacousticlab.co.uk\/fr\/politique-de-confidentialite-cambridge-acoustic\/","og_site_name":"Cambridge Acoustic","article_modified_time":"2020-09-30T14:30:46+00:00","twitter_card":"summary_large_image","twitter_misc":{"Dur\u00e9e de lecture estim\u00e9e":"7 minutes"},"schema":{"@context":"https:\/\/schema.org","@graph":[{"@type":"WebPage","@id":"https:\/\/camacousticlab.co.uk\/privacy-policy-cambridge-acoustic\/","url":"https:\/\/camacousticlab.co.uk\/privacy-policy-cambridge-acoustic\/","name":"Politique de confidentialit\u00e9 - Cambridge Acoustic","isPartOf":{"@id":"https:\/\/camacousticlab.co.uk\/#website"},"datePublished":"2020-08-14T14:51:00+00:00","dateModified":"2020-09-30T14:30:46+00:00","description":"Les informations sur la protection de la vie priv\u00e9e de Cambridge Acoustic expliquent comment nous utilisons vos donn\u00e9es personnelles : comment elles sont collect\u00e9es, conserv\u00e9es et trait\u00e9es.","breadcrumb":{"@id":"https:\/\/camacousticlab.co.uk\/privacy-policy-cambridge-acoustic\/#breadcrumb"},"inLanguage":"fr-FR","potentialAction":[{"@type":"ReadAction","target":["https:\/\/camacousticlab.co.uk\/privacy-policy-cambridge-acoustic\/"]}]},{"@type":"BreadcrumbList","@id":"https:\/\/camacousticlab.co.uk\/privacy-policy-cambridge-acoustic\/#breadcrumb","itemListElement":[{"@type":"ListItem","position":1,"name":"Home","item":"https:\/\/camacousticlab.co.uk\/"},{"@type":"ListItem","position":2,"name":"Privacy Policy"}]},{"@type":"WebSite","@id":"https:\/\/camacousticlab.co.uk\/#website","url":"https:\/\/camacousticlab.co.uk\/","name":"Cambridge Acoustic","description":"Une salle de transmission du son sp\u00e9cialement con\u00e7ue \u00e0 cet effet","potentialAction":[{"@type":"SearchAction","target":{"@type":"EntryPoint","urlTemplate":"https:\/\/camacousticlab.co.uk\/?s={search_term_string}"},"query-input":{"@type":"PropertyValueSpecification","valueRequired":true,"valueName":"search_term_string"}}],"inLanguage":"fr-FR"}]}},"_links":{"self":[{"href":"https:\/\/camacousticlab.co.uk\/fr\/wp-json\/wp\/v2\/pages\/3","targetHints":{"allow":["GET"]}}],"collection":[{"href":"https:\/\/camacousticlab.co.uk\/fr\/wp-json\/wp\/v2\/pages"}],"about":[{"href":"https:\/\/camacousticlab.co.uk\/fr\/wp-json\/wp\/v2\/types\/page"}],"author":[{"embeddable":true,"href":"https:\/\/camacousticlab.co.uk\/fr\/wp-json\/wp\/v2\/users\/1"}],"replies":[{"embeddable":true,"href":"https:\/\/camacousticlab.co.uk\/fr\/wp-json\/wp\/v2\/comments?post=3"}],"version-history":[{"count":5,"href":"https:\/\/camacousticlab.co.uk\/fr\/wp-json\/wp\/v2\/pages\/3\/revisions"}],"predecessor-version":[{"id":386,"href":"https:\/\/camacousticlab.co.uk\/fr\/wp-json\/wp\/v2\/pages\/3\/revisions\/386"}],"wp:attachment":[{"href":"https:\/\/camacousticlab.co.uk\/fr\/wp-json\/wp\/v2\/media?parent=3"}],"curies":[{"name":"wp","href":"https:\/\/api.w.org\/{rel}","templated":true}]}}