{"id":10,"date":"2020-08-17T12:23:16","date_gmt":"2020-08-17T11:23:16","guid":{"rendered":"http:\/\/cambridgeacoustic.ellis\/?page_id=10"},"modified":"2021-07-02T15:22:37","modified_gmt":"2021-07-02T14:22:37","slug":"services-cambridge-acoustic","status":"publish","type":"page","link":"https:\/\/camacousticlab.co.uk\/fr\/services-cambridge-acoustic\/","title":{"rendered":"Services"},"content":{"rendered":"","protected":false},"excerpt":{"rendered":"","protected":false},"author":1,"featured_media":0,"parent":0,"menu_order":0,"comment_status":"closed","ping_status":"closed","template":"","meta":{"_acf_changed":false,"footnotes":""},"class_list":["post-10","page","type-page","status-publish","hentry"],"acf":[],"yoast_head":"<!-- This site is optimized with the Yoast SEO plugin v27.4 - https:\/\/yoast.com\/product\/yoast-seo-wordpress\/ -->\n<title>Services - Cambridge Acoustic - Sound Insulation Testing - Noise Surveys<\/title>\n<meta name=\"description\" content=\"CALL offers airborne sound insulation testing and noise surveys ranging from noise impact assessments and noise at work surveys.\" \/>\n<meta name=\"robots\" content=\"index, follow, max-snippet:-1, max-image-preview:large, max-video-preview:-1\" \/>\n<link rel=\"canonical\" href=\"https:\/\/camacousticlab.co.uk\/fr\/services-cambridge-acoustic\/\" \/>\n<meta property=\"og:locale\" content=\"fr_FR\" \/>\n<meta property=\"og:type\" content=\"article\" \/>\n<meta property=\"og:title\" content=\"Services - Cambridge Acoustic - Sound Insulation Testing - Noise Surveys\" \/>\n<meta property=\"og:description\" content=\"CALL offers airborne sound insulation testing and noise surveys ranging from noise impact assessments and noise at work surveys.\" \/>\n<meta property=\"og:url\" content=\"https:\/\/camacousticlab.co.uk\/fr\/services-cambridge-acoustic\/\" \/>\n<meta property=\"og:site_name\" content=\"Cambridge Acoustic\" \/>\n<meta property=\"article:modified_time\" content=\"2021-07-02T14:22:37+00:00\" \/>\n<meta name=\"twitter:card\" content=\"summary_large_image\" \/>\n<script type=\"application\/ld+json\" class=\"yoast-schema-graph\">{\"@context\":\"https:\\\/\\\/schema.org\",\"@graph\":[{\"@type\":\"WebPage\",\"@id\":\"https:\\\/\\\/camacousticlab.co.uk\\\/services-cambridge-acoustic\\\/\",\"url\":\"https:\\\/\\\/camacousticlab.co.uk\\\/services-cambridge-acoustic\\\/\",\"name\":\"Services - Cambridge Acoustic - Sound Insulation Testing - Noise Surveys\",\"isPartOf\":{\"@id\":\"https:\\\/\\\/camacousticlab.co.uk\\\/#website\"},\"datePublished\":\"2020-08-17T11:23:16+00:00\",\"dateModified\":\"2021-07-02T14:22:37+00:00\",\"description\":\"CALL offers airborne sound insulation testing and noise surveys ranging from noise impact assessments and noise at work surveys.\",\"breadcrumb\":{\"@id\":\"https:\\\/\\\/camacousticlab.co.uk\\\/services-cambridge-acoustic\\\/#breadcrumb\"},\"inLanguage\":\"fr-FR\",\"potentialAction\":[{\"@type\":\"ReadAction\",\"target\":[\"https:\\\/\\\/camacousticlab.co.uk\\\/services-cambridge-acoustic\\\/\"]}]},{\"@type\":\"BreadcrumbList\",\"@id\":\"https:\\\/\\\/camacousticlab.co.uk\\\/services-cambridge-acoustic\\\/#breadcrumb\",\"itemListElement\":[{\"@type\":\"ListItem\",\"position\":1,\"name\":\"Home\",\"item\":\"https:\\\/\\\/camacousticlab.co.uk\\\/\"},{\"@type\":\"ListItem\",\"position\":2,\"name\":\"Services\"}]},{\"@type\":\"WebSite\",\"@id\":\"https:\\\/\\\/camacousticlab.co.uk\\\/#website\",\"url\":\"https:\\\/\\\/camacousticlab.co.uk\\\/\",\"name\":\"Cambridge Acoustic\",\"description\":\"A Purpose Built Sound Transmission Suite\",\"potentialAction\":[{\"@type\":\"SearchAction\",\"target\":{\"@type\":\"EntryPoint\",\"urlTemplate\":\"https:\\\/\\\/camacousticlab.co.uk\\\/?s={search_term_string}\"},\"query-input\":{\"@type\":\"PropertyValueSpecification\",\"valueRequired\":true,\"valueName\":\"search_term_string\"}}],\"inLanguage\":\"fr-FR\"}]}<\/script>\n<!-- \/ Yoast SEO plugin. -->","yoast_head_json":{"title":"Services - Cambridge Acoustic - Essais d'isolation acoustique - \u00c9tudes de bruit","description":"CALL propose des tests d'isolation des bruits a\u00e9riens et des \u00e9tudes de bruit allant de l'\u00e9valuation de l'impact du bruit \u00e0 l'\u00e9tude du bruit sur le lieu de travail.","robots":{"index":"index","follow":"follow","max-snippet":"max-snippet:-1","max-image-preview":"max-image-preview:large","max-video-preview":"max-video-preview:-1"},"canonical":"https:\/\/camacousticlab.co.uk\/fr\/services-cambridge-acoustic\/","og_locale":"fr_FR","og_type":"article","og_title":"Services - Cambridge Acoustic - Sound Insulation Testing - Noise Surveys","og_description":"CALL offers airborne sound insulation testing and noise surveys ranging from noise impact assessments and noise at work surveys.","og_url":"https:\/\/camacousticlab.co.uk\/fr\/services-cambridge-acoustic\/","og_site_name":"Cambridge Acoustic","article_modified_time":"2021-07-02T14:22:37+00:00","twitter_card":"summary_large_image","schema":{"@context":"https:\/\/schema.org","@graph":[{"@type":"WebPage","@id":"https:\/\/camacousticlab.co.uk\/services-cambridge-acoustic\/","url":"https:\/\/camacousticlab.co.uk\/services-cambridge-acoustic\/","name":"Services - Cambridge Acoustic - Essais d'isolation acoustique - \u00c9tudes de bruit","isPartOf":{"@id":"https:\/\/camacousticlab.co.uk\/#website"},"datePublished":"2020-08-17T11:23:16+00:00","dateModified":"2021-07-02T14:22:37+00:00","description":"CALL propose des tests d'isolation des bruits a\u00e9riens et des \u00e9tudes de bruit allant de l'\u00e9valuation de l'impact du bruit \u00e0 l'\u00e9tude du bruit sur le lieu de travail.","breadcrumb":{"@id":"https:\/\/camacousticlab.co.uk\/services-cambridge-acoustic\/#breadcrumb"},"inLanguage":"fr-FR","potentialAction":[{"@type":"ReadAction","target":["https:\/\/camacousticlab.co.uk\/services-cambridge-acoustic\/"]}]},{"@type":"BreadcrumbList","@id":"https:\/\/camacousticlab.co.uk\/services-cambridge-acoustic\/#breadcrumb","itemListElement":[{"@type":"ListItem","position":1,"name":"Home","item":"https:\/\/camacousticlab.co.uk\/"},{"@type":"ListItem","position":2,"name":"Services"}]},{"@type":"WebSite","@id":"https:\/\/camacousticlab.co.uk\/#website","url":"https:\/\/camacousticlab.co.uk\/","name":"Cambridge Acoustic","description":"Une salle de transmission du son sp\u00e9cialement con\u00e7ue \u00e0 cet effet","potentialAction":[{"@type":"SearchAction","target":{"@type":"EntryPoint","urlTemplate":"https:\/\/camacousticlab.co.uk\/?s={search_term_string}"},"query-input":{"@type":"PropertyValueSpecification","valueRequired":true,"valueName":"search_term_string"}}],"inLanguage":"fr-FR"}]}},"_links":{"self":[{"href":"https:\/\/camacousticlab.co.uk\/fr\/wp-json\/wp\/v2\/pages\/10","targetHints":{"allow":["GET"]}}],"collection":[{"href":"https:\/\/camacousticlab.co.uk\/fr\/wp-json\/wp\/v2\/pages"}],"about":[{"href":"https:\/\/camacousticlab.co.uk\/fr\/wp-json\/wp\/v2\/types\/page"}],"author":[{"embeddable":true,"href":"https:\/\/camacousticlab.co.uk\/fr\/wp-json\/wp\/v2\/users\/1"}],"replies":[{"embeddable":true,"href":"https:\/\/camacousticlab.co.uk\/fr\/wp-json\/wp\/v2\/comments?post=10"}],"version-history":[{"count":7,"href":"https:\/\/camacousticlab.co.uk\/fr\/wp-json\/wp\/v2\/pages\/10\/revisions"}],"predecessor-version":[{"id":786,"href":"https:\/\/camacousticlab.co.uk\/fr\/wp-json\/wp\/v2\/pages\/10\/revisions\/786"}],"wp:attachment":[{"href":"https:\/\/camacousticlab.co.uk\/fr\/wp-json\/wp\/v2\/media?parent=10"}],"curies":[{"name":"wp","href":"https:\/\/api.w.org\/{rel}","templated":true}]}}