{"id":3,"date":"2020-08-14T15:51:00","date_gmt":"2020-08-14T14:51:00","guid":{"rendered":"http:\/\/cambridgeacoustic.ellis\/?page_id=3"},"modified":"2020-09-30T15:30:46","modified_gmt":"2020-09-30T14:30:46","slug":"politica-de-privacidad-cambridge-acoustic","status":"publish","type":"page","link":"https:\/\/camacousticlab.co.uk\/es\/privacy-policy-cambridge-acoustic\/","title":{"rendered":"Pol\u00edtica de privacidad"},"content":{"rendered":"<h3 class=\"wp-block-heading\">\u00a0<\/h3>\r\n<h3>Introducci\u00f3n<\/h3>\r\n\r\n\r\n\r\n<p>Cambridge Acoustic Laboratory Limited (CALL) entiende que su privacidad es importante para usted y que le preocupa c\u00f3mo se utilizan sus datos personales. Respetamos y valoramos la privacidad de todos nuestros clientes y solo recopilaremos y utilizaremos datos personales de las formas aqu\u00ed descritas, y de forma coherente con nuestras obligaciones y sus derechos conforme a la ley.<\/p>\r\n\r\n\r\n\r\n<h3 class=\"wp-block-heading\">Informaci\u00f3n sobre nosotros<\/h3>\r\n<p>Laboratorio Ac\u00fastico de Cambridge<\/p>\r\n<p>Registrada en Inglaterra con el n\u00famero de empresa: 11407518<\/p>\r\n<p>Direcci\u00f3n registrada: Cambridge Acoustic Laboratory, Brewery Road, Pampisford, Cambridge, CB22 3HG<\/p>\r\n\r\n\r\n\r\n<h3 class=\"wp-block-heading\">\u00bfQu\u00e9 cubre este aviso?<\/h3>\r\n\r\n\r\n\r\n<p>Esta Informaci\u00f3n sobre Privacidad explica c\u00f3mo utilizamos sus datos personales: c\u00f3mo se recogen, c\u00f3mo se conservan y c\u00f3mo se procesan. Tambi\u00e9n explica los derechos que le otorga la ley en relaci\u00f3n con sus datos personales.<\/p>\r\n<h3>\u00bfQu\u00e9 son los datos personales?<\/h3>\r\n\r\n\r\n\r\n<p>Los datos personales se definen en el Reglamento General de Protecci\u00f3n de Datos (Reglamento UE 2016\/679) (el \"RGPD\") como \"cualquier informaci\u00f3n relativa a una persona identificable que pueda ser identificada directa o indirectamente mediante un identificador\".<\/p>\r\n<p>Los datos personales son, en t\u00e9rminos m\u00e1s sencillos, cualquier informaci\u00f3n sobre usted que permita identificarle. Los datos personales incluyen informaci\u00f3n obvia, como su nombre y datos de contacto, pero tambi\u00e9n informaci\u00f3n menos obvia, como n\u00fameros de identificaci\u00f3n, datos de localizaci\u00f3n electr\u00f3nica y otros identificadores en l\u00ednea.<br \/>Los datos personales que utilizamos se exponen en la Parte 5, a continuaci\u00f3n.<\/p>\r\n<h3 class=\"wp-block-heading\">\u00bfCu\u00e1les son mis derechos?<\/h3>\r\n<p>En virtud del GDPR, usted tiene los siguientes derechos, que siempre trabajaremos para defender:<\/p>\r\n<p>a) Derecho a ser informado sobre la recogida y uso de sus datos personales. Este Aviso de Privacidad deber\u00eda decirle todo lo que necesita saber, pero siempre puede ponerse en contacto con nosotros para obtener m\u00e1s informaci\u00f3n o para hacer cualquier pregunta utilizando los datos que figuran en la Parte 11.<br \/>b) Derecho a acceder a los datos personales que tenemos sobre usted. En el apartado 10 se explica c\u00f3mo hacerlo.<br \/>c) Derecho a rectificar sus datos personales si alguno de ellos es inexacto o est\u00e1 incompleto. Para m\u00e1s informaci\u00f3n, p\u00f3ngase en contacto con nosotros en la secci\u00f3n 11.<br \/>d) El derecho al olvido, es decir, el derecho a pedirnos que eliminemos o dispongamos de otro modo de cualquiera de sus datos personales que tengamos. Para m\u00e1s informaci\u00f3n, p\u00f3ngase en contacto con nosotros en la secci\u00f3n 11.<br \/>e) Derecho a restringir (es decir, impedir) el tratamiento de sus datos personales.<br \/>f) Derecho a oponerse a que utilicemos sus datos personales para un fin o fines determinados.<br \/>g) Derecho a la portabilidad de los datos. Esto significa que, si nos ha proporcionado datos personales directamente, los estamos utilizando con su consentimiento o para la ejecuci\u00f3n de un contrato, y esos datos se procesan utilizando medios automatizados, puede pedirnos una copia de esos datos personales para reutilizarlos con otro servicio o empresa en muchos casos.<\/p>\r\n<p>Si desea m\u00e1s informaci\u00f3n sobre el uso que hacemos de sus datos personales o sobre el ejercicio de sus derechos, le rogamos que se ponga en contacto con nosotros a trav\u00e9s de los datos que figuran en el apartado 11.<\/p>\r\n<p>Tambi\u00e9n puede obtener m\u00e1s informaci\u00f3n sobre sus derechos en la Oficina del Comisario de Informaci\u00f3n o en la Oficina de Atenci\u00f3n al Ciudadano de su localidad.<\/p>\r\n<p>Si tiene alg\u00fan motivo de queja sobre el uso que hacemos de sus datos personales, tiene derecho a presentar una reclamaci\u00f3n ante la Oficina del Comisario de Informaci\u00f3n.<\/p>\r\n<h3>\u00bfQu\u00e9 datos personales se recogen?<\/h3>\r\n<p>Podemos recopilar algunos o todos los datos personales siguientes (esto puede variar en funci\u00f3n de su relaci\u00f3n con nosotros):<\/p>\r\n<p>- Nombre y apellidos<br \/>- Contacto G\u00e9nero<br \/>- Direcci\u00f3n<br \/>- Correo electr\u00f3nico de contacto<br \/>- Tel\u00e9fono de contacto<br \/>- Raz\u00f3n social<br \/>- Contacto Cargo<br \/>- Profesi\u00f3n<br \/>- Informaci\u00f3n de pago<\/p>\r\n<p>Sus datos personales se obtienen de su empresa, de la direcci\u00f3n de su empresa o de usted.<\/p>\r\n<h3>\u00bfC\u00f3mo utilizan mis datos personales?<\/h3>\r\n<p>Seg\u00fan el GDPR, siempre debemos tener una base legal para utilizar los datos personales. Esto puede deberse a que los datos son necesarios para el cumplimiento de un contrato con usted, a que usted ha dado su consentimiento para que utilicemos sus datos personales o a que su uso responde a nuestros intereses comerciales leg\u00edtimos. Sus datos personales pueden utilizarse para uno de los siguientes fines:<\/p>\r\n<p>- Proporcionar y gestionar su cuenta.<br \/>- Llevar a cabo nuestras pruebas y servicios afines para usted. Sus datos personales son necesarios para celebrar un contrato con usted.<br \/>- Comunicarnos con usted durante la vigencia del contrato. Esto puede incluir responder a correos electr\u00f3nicos o llamadas suyas.<br \/>- Proporcionarle informaci\u00f3n por correo electr\u00f3nico o postal que haya solicitado o que necesitemos enviarle para completar el contrato con usted.<\/p>\r\n<p>Con su permiso y\/o cuando lo permita la ley, tambi\u00e9n podemos utilizar sus datos personales con fines de marketing, lo que puede incluir ponernos en contacto con usted por correo electr\u00f3nico, tel\u00e9fono, mensaje de texto o correo postal con informaci\u00f3n, noticias u ofertas sobre nuestros servicios. No se le enviar\u00e1 ning\u00fan tipo de marketing ilegal o spam. Siempre trabajaremos para proteger plenamente sus derechos y cumplir con nuestras obligaciones en virtud del GDPR y el Reglamento de Privacidad y Comunicaciones Electr\u00f3nicas (Directiva CE) de 2003, y siempre tendr\u00e1 la oportunidad de optar por no participar.<\/p>\r\n<h3>\u00bfCu\u00e1nto tiempo conservar\u00e1n mis datos personales?<\/h3>\r\n<p>No conservaremos sus datos personales m\u00e1s tiempo del necesario teniendo en cuenta los motivos por los que se recopilaron. Por lo tanto, sus datos personales se conservar\u00e1n durante un periodo definido por la legislaci\u00f3n relativa a contratos, la normativa sobre el IVA y cuando consideremos que puede ser beneficioso para usted mantener el contacto tras un procedimiento de prueba de incendio.<\/p>\r\n<h3>\u00bfC\u00f3mo y d\u00f3nde almacenan o transfieren mis datos personales?<\/h3>\r\n<p>Solo almacenaremos o transferiremos sus datos personales en el Reino Unido. Esto significa que estar\u00e1n totalmente protegidos en virtud del GDPR.<\/p>\r\n<h3>\u00bfComparten mis datos personales?<\/h3>\r\n<p>No compartiremos ninguno de sus datos personales con terceros para ning\u00fan fin, salvo una importante excepci\u00f3n.<\/p>\r\n<p>En algunas circunstancias limitadas, podemos estar legalmente obligados a compartir determinados datos personales, que podr\u00edan incluir los suyos, si estamos implicados en un procedimiento judicial o cumpliendo obligaciones legales, una orden judicial o las instrucciones de una autoridad gubernamental.<\/p>\r\n<p>Si un tercero necesita alguno de sus datos personales, tal como se ha descrito anteriormente, tomaremos medidas para garantizar que sus datos personales se traten de forma segura y de conformidad con sus derechos, nuestras obligaciones y las obligaciones del tercero en virtud de la ley, tal como se ha descrito anteriormente en la Parte 8.<\/p>\r\n<p>Podemos compartir sus datos personales con otras empresas de nuestro grupo para ofrecerle informaci\u00f3n sobre servicios u ofertas adicionales que puedan ser de su inter\u00e9s. Esto incluye filiales y nuestro holding y sus filiales.<\/p>\r\n<p>Si se transfiere alg\u00fan dato personal fuera del EEE, tomaremos las medidas adecuadas para garantizar que sus datos personales se traten con la misma seguridad que dentro del Reino Unido y en virtud del GDPR, como se explica anteriormente en la Parte 8.<\/p>\r\n<h3>\u00bfC\u00f3mo puedo acceder a mis datos personales?<\/h3>\r\n<p>Si quiere saber qu\u00e9 datos personales tenemos sobre usted, puede pedirnos detalles de esos datos personales y una copia de los mismos (si los tenemos). Es lo que se conoce como \"solicitud de acceso\".<\/p>\r\n<p>Todas las solicitudes de acceso deben hacerse por escrito y enviarse a las direcciones de correo electr\u00f3nico o postal que figuran en la Parte 11. Normalmente, las solicitudes de acceso no conllevan ning\u00fan coste. Si su solicitud es \"manifiestamente infundada o excesiva\" (por ejemplo, si realiza solicitudes repetitivas), se le podr\u00e1 cobrar una tasa para cubrir los costes administrativos de nuestra respuesta.<\/p>\r\n<p>Responderemos a su solicitud de acceso en el plazo de 14 d\u00edas y, en cualquier caso, en el plazo m\u00e1ximo de un mes desde su recepci\u00f3n. Normalmente, nuestro objetivo es proporcionarle una respuesta completa, incluida una copia de sus datos personales, en ese plazo. Sin embargo, en algunos casos, sobre todo si su solicitud es m\u00e1s compleja, puede ser necesario m\u00e1s tiempo, hasta un m\u00e1ximo de tres meses a partir de la fecha en que recibamos su solicitud. Le mantendremos plenamente informado de nuestros progresos.<\/p>\r\n<h3>\u00bfC\u00f3mo puedo ponerme en contacto con ustedes?<\/h3>\r\n<p>Para ponerse en contacto con nosotros sobre cualquier asunto relacionado con sus datos personales y la protecci\u00f3n de datos, incluida una solicitud de acceso, utilice los siguientes datos:<\/p>\r\n<p>Direcci\u00f3n de correo electr\u00f3nico: testing@camacousticlab.co.uk<\/p>\r\n<p>Tel\u00e9fono: 01223 837 007<\/p>\r\n<p>Direcci\u00f3n postal: Cambridge Acoustic Laboratory Limited, Brewery Road, Pampisford, Cambridge, CB22 3HG.<\/p>\r\n<h3>Cambios en este aviso de privacidad<\/h3>\r\n<p>Es posible que modifiquemos este Aviso de privacidad de vez en cuando. Esto puede ser necesario, por ejemplo, si la ley cambia, o si cambiamos nuestro negocio de una manera que afecta a la protecci\u00f3n de datos personales.<\/p>\r\n<p>Cualquier cambio se pondr\u00e1 a su disposici\u00f3n la pr\u00f3xima vez que celebre un contrato con nosotros.<\/p>","protected":false},"excerpt":{"rendered":"<p>\u00a0 Introduction Cambridge Acoustic Laboratory Limited (CALL) understands that your privacy is important to you&#8230;<\/p>","protected":false},"author":1,"featured_media":0,"parent":0,"menu_order":0,"comment_status":"closed","ping_status":"open","template":"","meta":{"_acf_changed":false,"footnotes":""},"class_list":["post-3","page","type-page","status-publish","hentry"],"acf":[],"yoast_head":"<!-- This site is optimized with the Yoast SEO plugin v27.4 - https:\/\/yoast.com\/product\/yoast-seo-wordpress\/ -->\n<title>Privacy Policy - Cambridge Acoustic<\/title>\n<meta name=\"description\" content=\"Cambridge Acoustic&#039;s privacy information explains how we use your personal data: how it is collected, held, and processed.\" \/>\n<meta name=\"robots\" content=\"index, follow, max-snippet:-1, max-image-preview:large, max-video-preview:-1\" \/>\n<link rel=\"canonical\" href=\"https:\/\/camacousticlab.co.uk\/es\/politica-de-privacidad-cambridge-acoustic\/\" \/>\n<meta property=\"og:locale\" content=\"es_ES\" \/>\n<meta property=\"og:type\" content=\"article\" \/>\n<meta property=\"og:title\" content=\"Privacy Policy - Cambridge Acoustic\" \/>\n<meta property=\"og:description\" content=\"Cambridge Acoustic&#039;s privacy information explains how we use your personal data: how it is collected, held, and processed.\" \/>\n<meta property=\"og:url\" content=\"https:\/\/camacousticlab.co.uk\/es\/politica-de-privacidad-cambridge-acoustic\/\" \/>\n<meta property=\"og:site_name\" content=\"Cambridge Acoustic\" \/>\n<meta property=\"article:modified_time\" content=\"2020-09-30T14:30:46+00:00\" \/>\n<meta name=\"twitter:card\" content=\"summary_large_image\" \/>\n<meta name=\"twitter:label1\" content=\"Tiempo de lectura\" \/>\n\t<meta name=\"twitter:data1\" content=\"7 minutos\" \/>\n<script type=\"application\/ld+json\" class=\"yoast-schema-graph\">{\"@context\":\"https:\\\/\\\/schema.org\",\"@graph\":[{\"@type\":\"WebPage\",\"@id\":\"https:\\\/\\\/camacousticlab.co.uk\\\/privacy-policy-cambridge-acoustic\\\/\",\"url\":\"https:\\\/\\\/camacousticlab.co.uk\\\/privacy-policy-cambridge-acoustic\\\/\",\"name\":\"Privacy Policy - Cambridge Acoustic\",\"isPartOf\":{\"@id\":\"https:\\\/\\\/camacousticlab.co.uk\\\/#website\"},\"datePublished\":\"2020-08-14T14:51:00+00:00\",\"dateModified\":\"2020-09-30T14:30:46+00:00\",\"description\":\"Cambridge Acoustic's privacy information explains how we use your personal data: how it is collected, held, and processed.\",\"breadcrumb\":{\"@id\":\"https:\\\/\\\/camacousticlab.co.uk\\\/privacy-policy-cambridge-acoustic\\\/#breadcrumb\"},\"inLanguage\":\"es\",\"potentialAction\":[{\"@type\":\"ReadAction\",\"target\":[\"https:\\\/\\\/camacousticlab.co.uk\\\/privacy-policy-cambridge-acoustic\\\/\"]}]},{\"@type\":\"BreadcrumbList\",\"@id\":\"https:\\\/\\\/camacousticlab.co.uk\\\/privacy-policy-cambridge-acoustic\\\/#breadcrumb\",\"itemListElement\":[{\"@type\":\"ListItem\",\"position\":1,\"name\":\"Home\",\"item\":\"https:\\\/\\\/camacousticlab.co.uk\\\/\"},{\"@type\":\"ListItem\",\"position\":2,\"name\":\"Privacy Policy\"}]},{\"@type\":\"WebSite\",\"@id\":\"https:\\\/\\\/camacousticlab.co.uk\\\/#website\",\"url\":\"https:\\\/\\\/camacousticlab.co.uk\\\/\",\"name\":\"Cambridge Acoustic\",\"description\":\"A Purpose Built Sound Transmission Suite\",\"potentialAction\":[{\"@type\":\"SearchAction\",\"target\":{\"@type\":\"EntryPoint\",\"urlTemplate\":\"https:\\\/\\\/camacousticlab.co.uk\\\/?s={search_term_string}\"},\"query-input\":{\"@type\":\"PropertyValueSpecification\",\"valueRequired\":true,\"valueName\":\"search_term_string\"}}],\"inLanguage\":\"es\"}]}<\/script>\n<!-- \/ Yoast SEO plugin. -->","yoast_head_json":{"title":"Pol\u00edtica de privacidad - Cambridge Acoustic","description":"La informaci\u00f3n sobre privacidad de Cambridge Acoustic explica c\u00f3mo utilizamos sus datos personales: c\u00f3mo se recogen, guardan y procesan.","robots":{"index":"index","follow":"follow","max-snippet":"max-snippet:-1","max-image-preview":"max-image-preview:large","max-video-preview":"max-video-preview:-1"},"canonical":"https:\/\/camacousticlab.co.uk\/es\/politica-de-privacidad-cambridge-acoustic\/","og_locale":"es_ES","og_type":"article","og_title":"Privacy Policy - Cambridge Acoustic","og_description":"Cambridge Acoustic's privacy information explains how we use your personal data: how it is collected, held, and processed.","og_url":"https:\/\/camacousticlab.co.uk\/es\/politica-de-privacidad-cambridge-acoustic\/","og_site_name":"Cambridge Acoustic","article_modified_time":"2020-09-30T14:30:46+00:00","twitter_card":"summary_large_image","twitter_misc":{"Tiempo de lectura":"7 minutos"},"schema":{"@context":"https:\/\/schema.org","@graph":[{"@type":"WebPage","@id":"https:\/\/camacousticlab.co.uk\/privacy-policy-cambridge-acoustic\/","url":"https:\/\/camacousticlab.co.uk\/privacy-policy-cambridge-acoustic\/","name":"Pol\u00edtica de privacidad - Cambridge Acoustic","isPartOf":{"@id":"https:\/\/camacousticlab.co.uk\/#website"},"datePublished":"2020-08-14T14:51:00+00:00","dateModified":"2020-09-30T14:30:46+00:00","description":"La informaci\u00f3n sobre privacidad de Cambridge Acoustic explica c\u00f3mo utilizamos sus datos personales: c\u00f3mo se recogen, guardan y procesan.","breadcrumb":{"@id":"https:\/\/camacousticlab.co.uk\/privacy-policy-cambridge-acoustic\/#breadcrumb"},"inLanguage":"es","potentialAction":[{"@type":"ReadAction","target":["https:\/\/camacousticlab.co.uk\/privacy-policy-cambridge-acoustic\/"]}]},{"@type":"BreadcrumbList","@id":"https:\/\/camacousticlab.co.uk\/privacy-policy-cambridge-acoustic\/#breadcrumb","itemListElement":[{"@type":"ListItem","position":1,"name":"Home","item":"https:\/\/camacousticlab.co.uk\/"},{"@type":"ListItem","position":2,"name":"Privacy Policy"}]},{"@type":"WebSite","@id":"https:\/\/camacousticlab.co.uk\/#website","url":"https:\/\/camacousticlab.co.uk\/","name":"Ac\u00fastica de Cambridge","description":"Una sala especial de transmisi\u00f3n de sonido","potentialAction":[{"@type":"SearchAction","target":{"@type":"EntryPoint","urlTemplate":"https:\/\/camacousticlab.co.uk\/?s={search_term_string}"},"query-input":{"@type":"PropertyValueSpecification","valueRequired":true,"valueName":"search_term_string"}}],"inLanguage":"es"}]}},"_links":{"self":[{"href":"https:\/\/camacousticlab.co.uk\/es\/wp-json\/wp\/v2\/pages\/3","targetHints":{"allow":["GET"]}}],"collection":[{"href":"https:\/\/camacousticlab.co.uk\/es\/wp-json\/wp\/v2\/pages"}],"about":[{"href":"https:\/\/camacousticlab.co.uk\/es\/wp-json\/wp\/v2\/types\/page"}],"author":[{"embeddable":true,"href":"https:\/\/camacousticlab.co.uk\/es\/wp-json\/wp\/v2\/users\/1"}],"replies":[{"embeddable":true,"href":"https:\/\/camacousticlab.co.uk\/es\/wp-json\/wp\/v2\/comments?post=3"}],"version-history":[{"count":5,"href":"https:\/\/camacousticlab.co.uk\/es\/wp-json\/wp\/v2\/pages\/3\/revisions"}],"predecessor-version":[{"id":386,"href":"https:\/\/camacousticlab.co.uk\/es\/wp-json\/wp\/v2\/pages\/3\/revisions\/386"}],"wp:attachment":[{"href":"https:\/\/camacousticlab.co.uk\/es\/wp-json\/wp\/v2\/media?parent=3"}],"curies":[{"name":"wp","href":"https:\/\/api.w.org\/{rel}","templated":true}]}}