{"id":3,"date":"2020-08-14T15:51:00","date_gmt":"2020-08-14T14:51:00","guid":{"rendered":"http:\/\/cambridgeacoustic.ellis\/?page_id=3"},"modified":"2020-09-30T15:30:46","modified_gmt":"2020-09-30T14:30:46","slug":"datenschutzbestimmungen-cambridge-acoustic","status":"publish","type":"page","link":"https:\/\/camacousticlab.co.uk\/de\/privacy-policy-cambridge-acoustic\/","title":{"rendered":"Datenschutzbestimmungen"},"content":{"rendered":"<h3 class=\"wp-block-heading\">\u00a0<\/h3>\r\n<h3>Einf\u00fchrung<\/h3>\r\n\r\n\r\n\r\n<p>Cambridge Acoustic Laboratory Limited (CALL) wei\u00df, dass Ihnen Ihre Privatsph\u00e4re wichtig ist und dass Sie sich Gedanken dar\u00fcber machen, wie Ihre pers\u00f6nlichen Daten verwendet werden. Wir respektieren und sch\u00e4tzen die Privatsph\u00e4re aller unserer Kunden und werden personenbezogene Daten nur auf die hier beschriebene Art und Weise und in \u00dcbereinstimmung mit unseren Verpflichtungen und Ihren Rechten nach dem Gesetz erfassen und verwenden.<\/p>\r\n\r\n\r\n\r\n<h3 class=\"wp-block-heading\">Informationen \u00fcber uns<\/h3>\r\n<p>Cambridge Acoustic Laboratory Limited<\/p>\r\n<p>Eingetragen in England unter der Firmennummer: 11407518<\/p>\r\n<p>Eingetragene Anschrift: Cambridge Acoustic Laboratory, Brewery Road, Pampisford, Cambridge, CB22 3HG<\/p>\r\n\r\n\r\n\r\n<h3 class=\"wp-block-heading\">Worauf bezieht sich diese Mitteilung?<\/h3>\r\n\r\n\r\n\r\n<p>In diesen Datenschutzinformationen wird erl\u00e4utert, wie wir Ihre personenbezogenen Daten verwenden: wie sie erhoben werden, wie sie gespeichert werden und wie sie verarbeitet werden. Au\u00dferdem werden darin Ihre Rechte in Bezug auf Ihre personenbezogenen Daten erl\u00e4utert.<\/p>\r\n<h3>Was sind personenbezogene Daten?<\/h3>\r\n\r\n\r\n\r\n<p>Personenbezogene Daten werden in der Allgemeinen Datenschutzverordnung (EU-Verordnung 2016\/679) als \"alle Informationen \u00fcber eine bestimmbare Person, die direkt oder indirekt durch Zuordnung zu einer Kennung identifiziert werden kann\" definiert.<\/p>\r\n<p>Personenbezogene Daten sind, vereinfacht ausgedr\u00fcckt, alle Informationen \u00fcber Sie, die es erm\u00f6glichen, Sie zu identifizieren. Zu den personenbezogenen Daten geh\u00f6ren offensichtliche Informationen wie Ihr Name und Ihre Kontaktdaten, aber auch weniger offensichtliche Informationen wie Identifikationsnummern, elektronische Standortdaten und andere Online-Kennungen.<br \/>Die personenbezogenen Daten, die wir verwenden, sind in Teil 5 unten aufgef\u00fchrt.<\/p>\r\n<h3 class=\"wp-block-heading\">Was sind meine Rechte?<\/h3>\r\n<p>Nach der Datenschutz-Grundverordnung haben Sie die folgenden Rechte, f\u00fcr deren Wahrung wir uns stets einsetzen werden:<\/p>\r\n<p>a) Das Recht, \u00fcber die Erhebung und Verwendung Ihrer personenbezogenen Daten durch uns informiert zu werden. Diese Datenschutzerkl\u00e4rung sollte Ihnen alles sagen, was Sie wissen m\u00fcssen, aber Sie k\u00f6nnen sich jederzeit an uns wenden, um mehr zu erfahren oder Fragen zu stellen (siehe Teil 11).<br \/>b) Das Recht auf Zugang zu den personenbezogenen Daten, die wir \u00fcber Sie gespeichert haben. In Teil 10 erfahren Sie, wie Sie dies tun k\u00f6nnen.<br \/>c) das Recht auf Berichtigung Ihrer personenbezogenen Daten, wenn Ihre bei uns gespeicherten personenbezogenen Daten unrichtig oder unvollst\u00e4ndig sind. Bitte kontaktieren Sie uns unter den Angaben in Teil 11, um mehr dar\u00fcber zu erfahren.<br \/>d) Das Recht auf Vergessenwerden, d. h. das Recht, uns zu bitten, Ihre personenbezogenen Daten zu l\u00f6schen oder anderweitig dar\u00fcber zu verf\u00fcgen. Bitte kontaktieren Sie uns unter den Angaben in Teil 11, um mehr dar\u00fcber zu erfahren.<br \/>e) Das Recht, die Verarbeitung Ihrer personenbezogenen Daten einzuschr\u00e4nken (d.h. zu verhindern).<br \/>f) Das Recht, der Verwendung Ihrer personenbezogenen Daten f\u00fcr einen bestimmten Zweck oder bestimmte Zwecke zu widersprechen.<br \/>g) Das Recht auf Daten\u00fcbertragbarkeit. Das bedeutet, dass Sie, wenn Sie uns personenbezogene Daten direkt zur Verf\u00fcgung gestellt haben, wir diese mit Ihrer Zustimmung oder zur Erf\u00fcllung eines Vertrags verwenden und diese Daten mit automatisierten Mitteln verarbeitet werden, in vielen F\u00e4llen eine Kopie dieser personenbezogenen Daten zur Wiederverwendung bei einem anderen Dienst oder Unternehmen verlangen k\u00f6nnen.<\/p>\r\n<p>Wenn Sie weitere Informationen \u00fcber die Verwendung Ihrer personenbezogenen Daten durch uns w\u00fcnschen oder Ihre oben genannten Rechte aus\u00fcben m\u00f6chten, wenden Sie sich bitte an uns unter den in Teil 11 angegebenen Kontaktdaten.<\/p>\r\n<p>Weitere Informationen \u00fcber Ihre Rechte erhalten Sie auch beim Information Commissioner's Office oder bei Ihrem \u00f6rtlichen Citizens Advice Bureau.<\/p>\r\n<p>Wenn Sie sich \u00fcber die Verwendung Ihrer personenbezogenen Daten durch uns beschweren m\u00f6chten, haben Sie das Recht, eine Beschwerde beim Information Commissioner's Office einzureichen.<\/p>\r\n<h3>Welche pers\u00f6nlichen Daten sammeln Sie?<\/h3>\r\n<p>Wir k\u00f6nnen einige oder alle der folgenden personenbezogenen Daten erfassen (dies kann je nach Ihrer Beziehung zu uns variieren):<\/p>\r\n<p>- Name<br \/>- Kontakt Geschlecht<br \/>- Anschrift<br \/>- Kontakt E-Mail Adresse<br \/>- Ansprechpartner Telefonnummer<br \/>- Name des Unternehmens<br \/>- Ansprechpartner Berufsbezeichnung<br \/>- Beruf<br \/>- Zahlungsinformationen<\/p>\r\n<p>Ihre pers\u00f6nlichen Daten werden von Ihrem Unternehmen, der Gesch\u00e4ftsleitung Ihres Unternehmens oder von Ihnen selbst erhoben.<\/p>\r\n<h3>Wie verwenden Sie meine pers\u00f6nlichen Daten?<\/h3>\r\n<p>Gem\u00e4\u00df der Datenschutz-Grundverordnung m\u00fcssen wir immer eine rechtm\u00e4\u00dfige Grundlage f\u00fcr die Verwendung personenbezogener Daten haben. Dies kann der Fall sein, weil die Daten f\u00fcr die Erf\u00fcllung eines Vertrags mit Ihnen erforderlich sind, weil Sie der Verwendung Ihrer personenbezogenen Daten zugestimmt haben oder weil es in unserem legitimen Gesch\u00e4ftsinteresse liegt, sie zu verwenden. Ihre personenbezogenen Daten k\u00f6nnen f\u00fcr einen der folgenden Zwecke verwendet werden:<\/p>\r\n<p>- Bereitstellung und Verwaltung Ihres Kontos.<br \/>- Durchf\u00fchrung unserer Pr\u00fcf- und sonstigen Dienstleistungen f\u00fcr Sie. Ihre pers\u00f6nlichen Daten sind erforderlich, damit wir einen Vertrag mit Ihnen abschlie\u00dfen k\u00f6nnen.<br \/>- Kommunikation mit Ihnen w\u00e4hrend des Vertragsverh\u00e4ltnisses mit Ihnen. Dazu kann die Beantwortung von E-Mails oder Anrufen von Ihnen geh\u00f6ren.<br \/>- \u00dcbermittlung von Informationen per E-Mail oder Post, die Sie angefordert haben oder die wir Ihnen zur Erf\u00fcllung des Vertrags mit Ihnen zusenden m\u00fcssen.<\/p>\r\n<p>Mit Ihrem Einverst\u00e4ndnis und\/oder soweit gesetzlich zul\u00e4ssig, k\u00f6nnen wir Ihre personenbezogenen Daten auch f\u00fcr Marketingzwecke verwenden, z. B. um Sie per E-Mail, Telefon, SMS oder Post mit Informationen, Neuigkeiten oder Angeboten zu unseren Dienstleistungen zu kontaktieren. Sie erhalten keine ungesetzliche Werbung oder Spam. Wir werden uns stets bem\u00fchen, Ihre Rechte in vollem Umfang zu sch\u00fctzen und unsere Verpflichtungen gem\u00e4\u00df der Datenschutz-Grundverordnung (GDPR) und der Verordnung \u00fcber den Schutz der Privatsph\u00e4re und der elektronischen Kommunikation (EG-Richtlinie) von 2003 einzuhalten, und Sie werden immer die M\u00f6glichkeit haben, sich dagegen zu entscheiden.<\/p>\r\n<h3>Wie lange werden Sie meine pers\u00f6nlichen Daten aufbewahren?<\/h3>\r\n<p>Wir werden Ihre personenbezogenen Daten nicht l\u00e4nger aufbewahren, als es in Anbetracht des Grundes bzw. der Gr\u00fcnde, aus denen sie erhoben wurden, erforderlich ist. Ihre personenbezogenen Daten werden daher f\u00fcr einen Zeitraum aufbewahrt, der durch die Gesetzgebung im Zusammenhang mit Vertr\u00e4gen, Mehrwertsteuerregelungen und in F\u00e4llen, in denen wir glauben, dass es in Ihrem Interesse ist, den Kontakt nach einem Brandversuch aufrechtzuerhalten, festgelegt ist.<\/p>\r\n<h3>Wie und wo speichern oder \u00fcbertragen Sie meine pers\u00f6nlichen Daten?<\/h3>\r\n<p>Wir werden Ihre personenbezogenen Daten nur im Vereinigten K\u00f6nigreich speichern oder \u00fcbertragen. Das bedeutet, dass sie gem\u00e4\u00df der GDPR vollst\u00e4ndig gesch\u00fctzt sind.<\/p>\r\n<h3>Geben Sie meine pers\u00f6nlichen Daten weiter?<\/h3>\r\n<p>Mit einer wichtigen Ausnahme werden wir Ihre personenbezogenen Daten nicht an Dritte weitergeben, egal zu welchem Zweck.<\/p>\r\n<p>Unter bestimmten Umst\u00e4nden k\u00f6nnen wir gesetzlich verpflichtet sein, bestimmte personenbezogene Daten weiterzugeben, zu denen auch Ihre geh\u00f6ren k\u00f6nnen, wenn wir in ein Gerichtsverfahren verwickelt sind oder gesetzlichen Verpflichtungen, einem Gerichtsbeschluss oder den Anweisungen einer Regierungsbeh\u00f6rde nachkommen m\u00fcssen.<\/p>\r\n<p>Wenn Ihre personenbezogenen Daten von einem Dritten, wie oben beschrieben, ben\u00f6tigt werden, werden wir Ma\u00dfnahmen ergreifen, um sicherzustellen, dass Ihre personenbezogenen Daten sicher und in \u00dcbereinstimmung mit Ihren Rechten, unseren Verpflichtungen und den gesetzlichen Verpflichtungen des Dritten, wie oben in Teil 8 beschrieben, behandelt werden.<\/p>\r\n<p>Wir k\u00f6nnen Ihre pers\u00f6nlichen Daten an andere Unternehmen unserer Gruppe weitergeben, um sie \u00fcber zus\u00e4tzliche Dienstleistungen oder Angebote zu informieren, die von Interesse sein k\u00f6nnten. Dazu geh\u00f6ren Tochtergesellschaften sowie unsere Holdinggesellschaft und ihre Tochtergesellschaften.<\/p>\r\n<p>Wenn personenbezogene Daten au\u00dferhalb des EWR \u00fcbertragen werden, ergreifen wir geeignete Ma\u00dfnahmen, um sicherzustellen, dass Ihre personenbezogenen Daten genauso sicher und gesch\u00fctzt behandelt werden wie innerhalb des Vereinigten K\u00f6nigreichs und gem\u00e4\u00df der DSGVO, wie in Teil 8 erl\u00e4utert.<\/p>\r\n<h3>Wie kann ich auf meine pers\u00f6nlichen Daten zugreifen?<\/h3>\r\n<p>Wenn Sie wissen m\u00f6chten, welche personenbezogenen Daten wir \u00fcber Sie gespeichert haben, k\u00f6nnen Sie uns um Einzelheiten zu diesen personenbezogenen Daten und um eine Kopie davon bitten (sofern solche personenbezogenen Daten gespeichert sind). Dies wird als \"Antrag auf Zugang zu personenbezogenen Daten\" bezeichnet.<\/p>\r\n<p>Alle Antr\u00e4ge auf Zugang zum Thema sollten schriftlich gestellt und an die in Teil 11 angegebenen E-Mail- oder Postadressen geschickt werden. Normalerweise werden f\u00fcr einen Antrag auf Zugang zum Thema keine Geb\u00fchren erhoben. Wenn Ihr Antrag \"offensichtlich unbegr\u00fcndet oder \u00fcbertrieben\" ist (z. B. wenn Sie wiederholt Antr\u00e4ge stellen), kann eine Geb\u00fchr erhoben werden, um unsere Verwaltungskosten f\u00fcr die Beantwortung zu decken.<\/p>\r\n<p>Wir werden Ihren Antrag auf Zugang zu personenbezogenen Daten innerhalb von 14 Tagen und auf keinen Fall sp\u00e4ter als einen Monat nach Eingang des Antrags beantworten. Normalerweise bem\u00fchen wir uns, Ihnen innerhalb dieser Frist eine vollst\u00e4ndige Antwort einschlie\u00dflich einer Kopie Ihrer personenbezogenen Daten zukommen zu lassen. In einigen F\u00e4llen, insbesondere wenn Ihr Antrag komplexer ist, kann jedoch mehr Zeit erforderlich sein, bis zu einem Maximum von drei Monaten ab dem Datum, an dem wir Ihren Antrag erhalten. Wir werden Sie \u00fcber unsere Fortschritte auf dem Laufenden halten.<\/p>\r\n<h3>Wie kann ich Sie kontaktieren?<\/h3>\r\n<p>Wenn Sie sich mit uns in Bezug auf Ihre pers\u00f6nlichen Daten und den Datenschutz in Verbindung setzen m\u00f6chten, einschlie\u00dflich eines Antrags auf Auskunft, verwenden Sie bitte die folgenden Angaben:<\/p>\r\n<p>E-Mail-Adresse: testing@camacousticlab.co.uk<\/p>\r\n<p>Telefonnummer: 01223 837 007<\/p>\r\n<p>Postanschrift: Cambridge Acoustic Laboratory Limited, Brewery Road, Pampisford, Cambridge, CB22 3HG.<\/p>\r\n<h3>\u00c4nderungen dieses Datenschutzhinweises<\/h3>\r\n<p>Wir k\u00f6nnen diesen Datenschutzhinweis von Zeit zu Zeit \u00e4ndern. Dies kann zum Beispiel notwendig sein, wenn sich die Gesetzgebung \u00e4ndert oder wenn wir unser Gesch\u00e4ft in einer Weise \u00e4ndern, die den Schutz personenbezogener Daten beeinflusst.<\/p>\r\n<p>Etwaige \u00c4nderungen werden Ihnen beim n\u00e4chsten Vertragsabschluss mit uns bekannt gegeben.<\/p>","protected":false},"excerpt":{"rendered":"<p>\u00a0 Introduction Cambridge Acoustic Laboratory Limited (CALL) understands that your privacy is important to you&#8230;<\/p>","protected":false},"author":1,"featured_media":0,"parent":0,"menu_order":0,"comment_status":"closed","ping_status":"open","template":"","meta":{"_acf_changed":false,"footnotes":""},"class_list":["post-3","page","type-page","status-publish","hentry"],"acf":[],"yoast_head":"<!-- This site is optimized with the Yoast SEO plugin v27.4 - https:\/\/yoast.com\/product\/yoast-seo-wordpress\/ -->\n<title>Privacy Policy - Cambridge Acoustic<\/title>\n<meta name=\"description\" content=\"Cambridge Acoustic&#039;s privacy information explains how we use your personal data: how it is collected, held, and processed.\" \/>\n<meta name=\"robots\" content=\"index, follow, max-snippet:-1, max-image-preview:large, max-video-preview:-1\" \/>\n<link rel=\"canonical\" href=\"https:\/\/camacousticlab.co.uk\/de\/datenschutzbestimmungen-cambridge-acoustic\/\" \/>\n<meta property=\"og:locale\" content=\"de_DE\" \/>\n<meta property=\"og:type\" content=\"article\" \/>\n<meta property=\"og:title\" content=\"Privacy Policy - Cambridge Acoustic\" \/>\n<meta property=\"og:description\" content=\"Cambridge Acoustic&#039;s privacy information explains how we use your personal data: how it is collected, held, and processed.\" \/>\n<meta property=\"og:url\" content=\"https:\/\/camacousticlab.co.uk\/de\/datenschutzbestimmungen-cambridge-acoustic\/\" \/>\n<meta property=\"og:site_name\" content=\"Cambridge Acoustic\" \/>\n<meta property=\"article:modified_time\" content=\"2020-09-30T14:30:46+00:00\" \/>\n<meta name=\"twitter:card\" content=\"summary_large_image\" \/>\n<meta name=\"twitter:label1\" content=\"Gesch\u00e4tzte Lesezeit\" \/>\n\t<meta name=\"twitter:data1\" content=\"7\u00a0Minuten\" \/>\n<script type=\"application\/ld+json\" class=\"yoast-schema-graph\">{\"@context\":\"https:\\\/\\\/schema.org\",\"@graph\":[{\"@type\":\"WebPage\",\"@id\":\"https:\\\/\\\/camacousticlab.co.uk\\\/privacy-policy-cambridge-acoustic\\\/\",\"url\":\"https:\\\/\\\/camacousticlab.co.uk\\\/privacy-policy-cambridge-acoustic\\\/\",\"name\":\"Privacy Policy - Cambridge Acoustic\",\"isPartOf\":{\"@id\":\"https:\\\/\\\/camacousticlab.co.uk\\\/#website\"},\"datePublished\":\"2020-08-14T14:51:00+00:00\",\"dateModified\":\"2020-09-30T14:30:46+00:00\",\"description\":\"Cambridge Acoustic's privacy information explains how we use your personal data: how it is collected, held, and processed.\",\"breadcrumb\":{\"@id\":\"https:\\\/\\\/camacousticlab.co.uk\\\/privacy-policy-cambridge-acoustic\\\/#breadcrumb\"},\"inLanguage\":\"de\",\"potentialAction\":[{\"@type\":\"ReadAction\",\"target\":[\"https:\\\/\\\/camacousticlab.co.uk\\\/privacy-policy-cambridge-acoustic\\\/\"]}]},{\"@type\":\"BreadcrumbList\",\"@id\":\"https:\\\/\\\/camacousticlab.co.uk\\\/privacy-policy-cambridge-acoustic\\\/#breadcrumb\",\"itemListElement\":[{\"@type\":\"ListItem\",\"position\":1,\"name\":\"Home\",\"item\":\"https:\\\/\\\/camacousticlab.co.uk\\\/\"},{\"@type\":\"ListItem\",\"position\":2,\"name\":\"Privacy Policy\"}]},{\"@type\":\"WebSite\",\"@id\":\"https:\\\/\\\/camacousticlab.co.uk\\\/#website\",\"url\":\"https:\\\/\\\/camacousticlab.co.uk\\\/\",\"name\":\"Cambridge Acoustic\",\"description\":\"A Purpose Built Sound Transmission Suite\",\"potentialAction\":[{\"@type\":\"SearchAction\",\"target\":{\"@type\":\"EntryPoint\",\"urlTemplate\":\"https:\\\/\\\/camacousticlab.co.uk\\\/?s={search_term_string}\"},\"query-input\":{\"@type\":\"PropertyValueSpecification\",\"valueRequired\":true,\"valueName\":\"search_term_string\"}}],\"inLanguage\":\"de\"}]}<\/script>\n<!-- \/ Yoast SEO plugin. -->","yoast_head_json":{"title":"Datenschutzrichtlinie - Cambridge Acoustic","description":"In den Datenschutzinformationen von Cambridge Acoustic wird erl\u00e4utert, wie wir Ihre pers\u00f6nlichen Daten verwenden: wie sie gesammelt, gespeichert und verarbeitet werden.","robots":{"index":"index","follow":"follow","max-snippet":"max-snippet:-1","max-image-preview":"max-image-preview:large","max-video-preview":"max-video-preview:-1"},"canonical":"https:\/\/camacousticlab.co.uk\/de\/datenschutzbestimmungen-cambridge-acoustic\/","og_locale":"de_DE","og_type":"article","og_title":"Privacy Policy - Cambridge Acoustic","og_description":"Cambridge Acoustic's privacy information explains how we use your personal data: how it is collected, held, and processed.","og_url":"https:\/\/camacousticlab.co.uk\/de\/datenschutzbestimmungen-cambridge-acoustic\/","og_site_name":"Cambridge Acoustic","article_modified_time":"2020-09-30T14:30:46+00:00","twitter_card":"summary_large_image","twitter_misc":{"Gesch\u00e4tzte Lesezeit":"7\u00a0Minuten"},"schema":{"@context":"https:\/\/schema.org","@graph":[{"@type":"WebPage","@id":"https:\/\/camacousticlab.co.uk\/privacy-policy-cambridge-acoustic\/","url":"https:\/\/camacousticlab.co.uk\/privacy-policy-cambridge-acoustic\/","name":"Datenschutzrichtlinie - Cambridge Acoustic","isPartOf":{"@id":"https:\/\/camacousticlab.co.uk\/#website"},"datePublished":"2020-08-14T14:51:00+00:00","dateModified":"2020-09-30T14:30:46+00:00","description":"In den Datenschutzinformationen von Cambridge Acoustic wird erl\u00e4utert, wie wir Ihre pers\u00f6nlichen Daten verwenden: wie sie gesammelt, gespeichert und verarbeitet werden.","breadcrumb":{"@id":"https:\/\/camacousticlab.co.uk\/privacy-policy-cambridge-acoustic\/#breadcrumb"},"inLanguage":"de","potentialAction":[{"@type":"ReadAction","target":["https:\/\/camacousticlab.co.uk\/privacy-policy-cambridge-acoustic\/"]}]},{"@type":"BreadcrumbList","@id":"https:\/\/camacousticlab.co.uk\/privacy-policy-cambridge-acoustic\/#breadcrumb","itemListElement":[{"@type":"ListItem","position":1,"name":"Home","item":"https:\/\/camacousticlab.co.uk\/"},{"@type":"ListItem","position":2,"name":"Privacy Policy"}]},{"@type":"WebSite","@id":"https:\/\/camacousticlab.co.uk\/#website","url":"https:\/\/camacousticlab.co.uk\/","name":"Cambridge Akustik","description":"Eine speziell gebaute Schall\u00fcbertragungsanlage","potentialAction":[{"@type":"SearchAction","target":{"@type":"EntryPoint","urlTemplate":"https:\/\/camacousticlab.co.uk\/?s={search_term_string}"},"query-input":{"@type":"PropertyValueSpecification","valueRequired":true,"valueName":"search_term_string"}}],"inLanguage":"de"}]}},"_links":{"self":[{"href":"https:\/\/camacousticlab.co.uk\/de\/wp-json\/wp\/v2\/pages\/3","targetHints":{"allow":["GET"]}}],"collection":[{"href":"https:\/\/camacousticlab.co.uk\/de\/wp-json\/wp\/v2\/pages"}],"about":[{"href":"https:\/\/camacousticlab.co.uk\/de\/wp-json\/wp\/v2\/types\/page"}],"author":[{"embeddable":true,"href":"https:\/\/camacousticlab.co.uk\/de\/wp-json\/wp\/v2\/users\/1"}],"replies":[{"embeddable":true,"href":"https:\/\/camacousticlab.co.uk\/de\/wp-json\/wp\/v2\/comments?post=3"}],"version-history":[{"count":5,"href":"https:\/\/camacousticlab.co.uk\/de\/wp-json\/wp\/v2\/pages\/3\/revisions"}],"predecessor-version":[{"id":386,"href":"https:\/\/camacousticlab.co.uk\/de\/wp-json\/wp\/v2\/pages\/3\/revisions\/386"}],"wp:attachment":[{"href":"https:\/\/camacousticlab.co.uk\/de\/wp-json\/wp\/v2\/media?parent=3"}],"curies":[{"name":"wp","href":"https:\/\/api.w.org\/{rel}","templated":true}]}}