{"id":14,"date":"2020-08-17T12:23:32","date_gmt":"2020-08-17T11:23:32","guid":{"rendered":"http:\/\/cambridgeacoustic.ellis\/?page_id=14"},"modified":"2021-07-02T16:06:20","modified_gmt":"2021-07-02T15:06:20","slug":"kontakt-zu-cambridge-acoustic","status":"publish","type":"page","link":"https:\/\/camacousticlab.co.uk\/de\/contact-cambridge-acoustic\/","title":{"rendered":"Kontakt"},"content":{"rendered":"","protected":false},"excerpt":{"rendered":"","protected":false},"author":1,"featured_media":0,"parent":0,"menu_order":0,"comment_status":"closed","ping_status":"closed","template":"","meta":{"_acf_changed":false,"footnotes":""},"class_list":["post-14","page","type-page","status-publish","hentry"],"acf":[],"yoast_head":"<!-- This site is optimized with the Yoast SEO plugin v27.4 - https:\/\/yoast.com\/product\/yoast-seo-wordpress\/ -->\n<title>Contact - Cambridge Acoustic<\/title>\n<meta name=\"description\" content=\"Contact us to receive your free quote on how we can help with your acoustic test. We offer acoustic testing to BS EN ISO 101040\" \/>\n<meta name=\"robots\" content=\"index, follow, max-snippet:-1, max-image-preview:large, max-video-preview:-1\" \/>\n<link rel=\"canonical\" href=\"https:\/\/camacousticlab.co.uk\/de\/kontakt-zu-cambridge-acoustic\/\" \/>\n<meta property=\"og:locale\" content=\"de_DE\" \/>\n<meta property=\"og:type\" content=\"article\" \/>\n<meta property=\"og:title\" content=\"Contact - Cambridge Acoustic\" \/>\n<meta property=\"og:description\" content=\"Contact us to receive your free quote on how we can help with your acoustic test. We offer acoustic testing to BS EN ISO 101040\" \/>\n<meta property=\"og:url\" content=\"https:\/\/camacousticlab.co.uk\/de\/kontakt-zu-cambridge-acoustic\/\" \/>\n<meta property=\"og:site_name\" content=\"Cambridge Acoustic\" \/>\n<meta property=\"article:modified_time\" content=\"2021-07-02T15:06:20+00:00\" \/>\n<meta name=\"twitter:card\" content=\"summary_large_image\" \/>\n<script type=\"application\/ld+json\" class=\"yoast-schema-graph\">{\"@context\":\"https:\\\/\\\/schema.org\",\"@graph\":[{\"@type\":\"WebPage\",\"@id\":\"https:\\\/\\\/camacousticlab.co.uk\\\/contact-cambridge-acoustic\\\/\",\"url\":\"https:\\\/\\\/camacousticlab.co.uk\\\/contact-cambridge-acoustic\\\/\",\"name\":\"Contact - Cambridge Acoustic\",\"isPartOf\":{\"@id\":\"https:\\\/\\\/camacousticlab.co.uk\\\/#website\"},\"datePublished\":\"2020-08-17T11:23:32+00:00\",\"dateModified\":\"2021-07-02T15:06:20+00:00\",\"description\":\"Contact us to receive your free quote on how we can help with your acoustic test. We offer acoustic testing to BS EN ISO 101040\",\"breadcrumb\":{\"@id\":\"https:\\\/\\\/camacousticlab.co.uk\\\/contact-cambridge-acoustic\\\/#breadcrumb\"},\"inLanguage\":\"de\",\"potentialAction\":[{\"@type\":\"ReadAction\",\"target\":[\"https:\\\/\\\/camacousticlab.co.uk\\\/contact-cambridge-acoustic\\\/\"]}]},{\"@type\":\"BreadcrumbList\",\"@id\":\"https:\\\/\\\/camacousticlab.co.uk\\\/contact-cambridge-acoustic\\\/#breadcrumb\",\"itemListElement\":[{\"@type\":\"ListItem\",\"position\":1,\"name\":\"Home\",\"item\":\"https:\\\/\\\/camacousticlab.co.uk\\\/\"},{\"@type\":\"ListItem\",\"position\":2,\"name\":\"Contact\"}]},{\"@type\":\"WebSite\",\"@id\":\"https:\\\/\\\/camacousticlab.co.uk\\\/#website\",\"url\":\"https:\\\/\\\/camacousticlab.co.uk\\\/\",\"name\":\"Cambridge Acoustic\",\"description\":\"A Purpose Built Sound Transmission Suite\",\"potentialAction\":[{\"@type\":\"SearchAction\",\"target\":{\"@type\":\"EntryPoint\",\"urlTemplate\":\"https:\\\/\\\/camacousticlab.co.uk\\\/?s={search_term_string}\"},\"query-input\":{\"@type\":\"PropertyValueSpecification\",\"valueRequired\":true,\"valueName\":\"search_term_string\"}}],\"inLanguage\":\"de\"}]}<\/script>\n<!-- \/ Yoast SEO plugin. -->","yoast_head_json":{"title":"Kontakt - Cambridge Acoustic","description":"Setzen Sie sich mit uns in Verbindung, um ein kostenloses Angebot zu erhalten, wie wir Ihnen bei Ihrer Akustikpr\u00fcfung helfen k\u00f6nnen. Wir bieten akustische Pr\u00fcfungen nach BS EN ISO 101040 an.","robots":{"index":"index","follow":"follow","max-snippet":"max-snippet:-1","max-image-preview":"max-image-preview:large","max-video-preview":"max-video-preview:-1"},"canonical":"https:\/\/camacousticlab.co.uk\/de\/kontakt-zu-cambridge-acoustic\/","og_locale":"de_DE","og_type":"article","og_title":"Contact - Cambridge Acoustic","og_description":"Contact us to receive your free quote on how we can help with your acoustic test. We offer acoustic testing to BS EN ISO 101040","og_url":"https:\/\/camacousticlab.co.uk\/de\/kontakt-zu-cambridge-acoustic\/","og_site_name":"Cambridge Acoustic","article_modified_time":"2021-07-02T15:06:20+00:00","twitter_card":"summary_large_image","schema":{"@context":"https:\/\/schema.org","@graph":[{"@type":"WebPage","@id":"https:\/\/camacousticlab.co.uk\/contact-cambridge-acoustic\/","url":"https:\/\/camacousticlab.co.uk\/contact-cambridge-acoustic\/","name":"Kontakt - Cambridge Acoustic","isPartOf":{"@id":"https:\/\/camacousticlab.co.uk\/#website"},"datePublished":"2020-08-17T11:23:32+00:00","dateModified":"2021-07-02T15:06:20+00:00","description":"Setzen Sie sich mit uns in Verbindung, um ein kostenloses Angebot zu erhalten, wie wir Ihnen bei Ihrer Akustikpr\u00fcfung helfen k\u00f6nnen. Wir bieten akustische Pr\u00fcfungen nach BS EN ISO 101040 an.","breadcrumb":{"@id":"https:\/\/camacousticlab.co.uk\/contact-cambridge-acoustic\/#breadcrumb"},"inLanguage":"de","potentialAction":[{"@type":"ReadAction","target":["https:\/\/camacousticlab.co.uk\/contact-cambridge-acoustic\/"]}]},{"@type":"BreadcrumbList","@id":"https:\/\/camacousticlab.co.uk\/contact-cambridge-acoustic\/#breadcrumb","itemListElement":[{"@type":"ListItem","position":1,"name":"Home","item":"https:\/\/camacousticlab.co.uk\/"},{"@type":"ListItem","position":2,"name":"Contact"}]},{"@type":"WebSite","@id":"https:\/\/camacousticlab.co.uk\/#website","url":"https:\/\/camacousticlab.co.uk\/","name":"Cambridge Akustik","description":"Eine speziell gebaute Schall\u00fcbertragungsanlage","potentialAction":[{"@type":"SearchAction","target":{"@type":"EntryPoint","urlTemplate":"https:\/\/camacousticlab.co.uk\/?s={search_term_string}"},"query-input":{"@type":"PropertyValueSpecification","valueRequired":true,"valueName":"search_term_string"}}],"inLanguage":"de"}]}},"_links":{"self":[{"href":"https:\/\/camacousticlab.co.uk\/de\/wp-json\/wp\/v2\/pages\/14","targetHints":{"allow":["GET"]}}],"collection":[{"href":"https:\/\/camacousticlab.co.uk\/de\/wp-json\/wp\/v2\/pages"}],"about":[{"href":"https:\/\/camacousticlab.co.uk\/de\/wp-json\/wp\/v2\/types\/page"}],"author":[{"embeddable":true,"href":"https:\/\/camacousticlab.co.uk\/de\/wp-json\/wp\/v2\/users\/1"}],"replies":[{"embeddable":true,"href":"https:\/\/camacousticlab.co.uk\/de\/wp-json\/wp\/v2\/comments?post=14"}],"version-history":[{"count":5,"href":"https:\/\/camacousticlab.co.uk\/de\/wp-json\/wp\/v2\/pages\/14\/revisions"}],"predecessor-version":[{"id":776,"href":"https:\/\/camacousticlab.co.uk\/de\/wp-json\/wp\/v2\/pages\/14\/revisions\/776"}],"wp:attachment":[{"href":"https:\/\/camacousticlab.co.uk\/de\/wp-json\/wp\/v2\/media?parent=14"}],"curies":[{"name":"wp","href":"https:\/\/api.w.org\/{rel}","templated":true}]}}